{"id":81,"date":"2016-12-14T12:51:46","date_gmt":"2016-12-14T12:51:46","guid":{"rendered":"https:\/\/www.kraske-lekarne.razvija.se\/?page_id=81"},"modified":"2025-11-19T14:00:07","modified_gmt":"2025-11-19T13:00:07","slug":"informacije-javnega-znacaja","status":"publish","type":"page","link":"http:\/\/kraske-lekarne.razvija.se\/?page_id=81","title":{"rendered":"Informacije javnega zna\u010daja"},"content":{"rendered":"<h3>Katalog informacij javnega zna\u010daja<\/h3>\n<p>Javni zavod Kra\u0161ke lekarne Ilirska Bistrica objavlja katalog informacij javnega zna\u010daja na podlagi Zakona o dostopu do informacij javnega zna\u010daja in Uredbe o posredovanju informacij javnega zna\u010daja. Dr\u017eavni zbor Republike Slovenije je na svoji seji dne 25.2.2003 sprejel Zakon o dostopu do informacij javnega zna\u010daja (ZDIJZ) in ga objavil v Uradnem listu Republike Slovenije \u0161t. 51\/06 \u2013UPB2 in 117\/06- ZdavP-2.<\/p>\n<p>V 4. \u010dlenu navedenega zakona je navedena opredelitev informacije javnega zna\u010daja:\u00a0 \u00a0\u00bbInformacija javnega zna\u010daja je informacija, ki izvira iz delovnega podro\u010dja organa, nahaja pa se v obliki dokumenta, registra, evidence ali dokumentarnega gradiva, ki ga je organ izdelal sam, v sodelovanju z drugim organom ali pridobil od drugih oseb.\u00ab Na podlagi 11. \u010dlena in petega odstavka 25. \u010dlena Zakona o dostopu do informacij javnega zna\u010daja je vlada izdala Uredbo o posredovanju informacij javnega zna\u010daja (Uradni list RS, \u0161t. 76\/05, 119\/07 in 95\/11).<\/p>\n<p>&nbsp;<\/p>\n<h4>1. Osnovni podatki<\/h4>\n<table class=\"table table-hover\">\n<tbody>\n<tr>\n<td><strong>Naziv zavoda:<\/strong><\/td>\n<td>Javni zavod Kra\u0161ke lekarne Ilirska Bistrica<\/p>\n<p>Gregor\u010di\u010deva cesta 8A<\/p>\n<p>6250 Ilirska Bistrica<\/td>\n<\/tr>\n<tr>\n<td><strong>Odgovorna oseba:<\/strong><\/td>\n<td>Ana Kobal, mag.farm., direktorica<\/td>\n<\/tr>\n<tr>\n<td><strong>Datum prve objave kataloga:<\/strong><\/td>\n<td>31.12.2004<\/td>\n<\/tr>\n<tr>\n<td><strong>Datum zadnje spremembe:<\/strong><\/td>\n<td>20.3.2017<\/td>\n<\/tr>\n<tr>\n<td><strong>Katalog je dostopen na spletnem naslovu:<\/strong><\/td>\n<td><a href=\"https:\/\/www.kraske-lekarne.razvija.se\/predstavitev\/informacije-javnega-znacaja\/\">Informacije javnega zna\u010daja<\/a><\/td>\n<\/tr>\n<tr>\n<td><strong>Druge oblike kataloga:<\/strong><\/td>\n<td>Katalog je dostopen v elektronski obliki preko spletnih strani Javnega zavoda Kra\u0161ke lekarne Ilirska Bistrica, v fizi\u010dni obliki pa ga na zahtevo prosilcev posredujejo poobla\u0161\u010dene osebe.<\/td>\n<\/tr>\n<\/tbody>\n<\/table>\n<h4>2. Splo\u0161ni podatki o javnem zavodu kra\u0161ke lekarne in informacijah javnega zna\u010daja, s katerimi razpolaga<\/h4>\n<table class=\"table table-hover\">\n<tbody>\n<tr>\n<td colspan=\"2\">\n<h5>2.a Organigram zavoda in podatki o organizaciji<\/h5>\n<\/td>\n<\/tr>\n<tr>\n<td><strong>Kratek opis delovnega podro\u010dja Javnega zavoda Kra\u0161ke lekarne Ilirska Bistrica:<\/strong><\/td>\n<td>Javni zavod opravlja zdravstveno dejavnosti, ki zagotavlja preskrbo prebivalstva ter zdravstvenih zavodov in drugih organizacij z zdravili. Preskrba z zdravili obsega izdajo zdravil na recept in brez recepta ter magistralno pripravo zdravil. Poleg navedenega javni zavod opravlja \u0161e preskrbo s pomo\u017enimi zdravilnimi sredstvi, ortopedskimi pripomo\u010dki, sredstvi za nego in drugimi sredstvi za varovanje zdravja, izdajo veterinarskih zdravil, izdelavo in preverjanje kakovosti zdravil in pomo\u017enih zdravilnih sredstev ter svetovanje pri predpisovanju in uporabi zdravil. Zavod ima naziv u\u010dni zavod in ima organizirano mentorsko slu\u017ebo za opravljanje pripravni\u0161tva za vse farmacevtske profile.<\/td>\n<\/tr>\n<tr>\n<td><strong>Seznam vseh notranjih organizacijskih enot:<\/strong><\/td>\n<td>V zavodu se dejavnost opravlja v naslednjih organizacijskih enotah:<\/p>\n<p><strong>Uprava zavoda<br \/>\n<\/strong>Gregor\u010di\u010deva cesta 8 A<br \/>\n6250 Ilirska Bistrica<\/p>\n<p>Direktorica: Ana Kobal, mag.farm.<\/p>\n<p>Telefon: 05 71 11 750<br \/>\nE-naslov: <a href=\"mailto:ana.kobal@krl.si\">ana.kobal@krl.si<\/a><\/p>\n<p>&nbsp;<\/p>\n<p><strong>Vodja finan\u010dno ra\u010dunovodske slu\u017ebe: Jo\u017eica Dolgan Gla\u017ear <\/strong><\/p>\n<p>Gregor\u010di\u010deva cesta 8 A<br \/>\n6250 Ilirska Bistrica<\/p>\n<p>Telefon: 05 71 11 742<br \/>\nE-naslov: <a href=\"mailto:jozica.dolgan-glazar@krl.si\">jozica.dolgan-glazar@krl.si<\/a><\/p>\n<p>&nbsp;<\/p>\n<p><strong>Lekarna Ilirska Bistrica<\/strong><\/p>\n<p>Gregor\u010di\u010deva cesta 8 A<br \/>\n6250 Ilirska Bistrica<\/p>\n<p>Vodja lekarne: Tomislav Balaji\u0107, mag.farm.<\/p>\n<p>Telefon: 05 71 11 751<br \/>\nE-naslov: <a href=\"mailto:tomislav.balajic@krl.si\">tomislav.balajic@krl.si<\/a><\/p>\n<p>&nbsp;<\/p>\n<p><strong>Lekarna Postojna<\/strong><\/p>\n<p>Pre\u010dna ulica 2<br \/>\n6230 Postojna<\/p>\n<p>Vodja lekarne: Barbara Mulec, mag.farm.<\/p>\n<p>Telefon: 05 72 11 700<br \/>\nE-naslov: <a href=\"mailto:barbara.mulec@krl.si\">barbara.mulec@krl.si<\/a><\/p>\n<p>&nbsp;<\/p>\n<p><strong>Lekarna Pivka<\/strong><\/p>\n<p>Kolodvorska ulica 24<br \/>\n6257 Pivka<\/p>\n<p>Vodja lekarne: Alenka Kapel, mag.farm.<\/p>\n<p>Telefon: 05 72 11 730<br \/>\nE-naslov: <a href=\"mailto:alenka.kapel@krl.si\">alenka.kapel@krl.si<\/a><\/p>\n<p>&nbsp;<\/p>\n<p><strong>Lekarna Se\u017eana<\/strong><\/p>\n<p>Partizanska cesta 25<br \/>\n6210 Se\u017eana<\/p>\n<p>Vodja lekarne: Anita Malnar, mag.farm.<\/p>\n<p>Tel: 05 73 11 770<br \/>\nE-naslov: <a href=\"mailto:anita.malnar@krl.si\">anita.malnar@krl.si<\/a><\/p>\n<p>&nbsp;<\/p>\n<p><strong>Lekarni\u0161ka podru\u017enica Diva\u010da<\/strong><\/p>\n<p>Ulica 1. maja 1<br \/>\n6215 Diva\u010da<\/p>\n<p>Vodja podru\u017enice: Sanja Baruk\u010di\u0107, mag.farm.<\/p>\n<p>Telefon: 05 73 11 780<br \/>\nE-naslov:<a href=\"mailto:%20darinka.turkalj@krl.si\">sanja.barukcic@krl.si<\/a><\/p>\n<p>&nbsp;<\/p>\n<p><strong>Lekarni\u0161ka podru\u017enica Komen<\/strong><\/p>\n<p>Komen 118 D<br \/>\n6223 Komen<\/p>\n<p>Vodja podru\u017enice: Jerneja Pajk, mag.farm.<\/p>\n<p>Telefon: 05 73 11 790<br \/>\nE-naslov: <a href=\"mailto:jerneja.pajk@krl.si\">jerneja.pajk@krl.si<\/a><\/p>\n<p>&nbsp;<\/p>\n<p><strong>Lekarna Log Postojna<\/strong><\/p>\n<p>Titova cesta 10<br \/>\n6230 Postojna<\/p>\n<p>Vodja lekarne: Jana Ogrizek, mag. farm.<\/p>\n<p>Telefon: 05 72 11 726<br \/>\nE-naslov: \u00a0<a href=\"mailto:jana.ogrizek@krl.si\">jana.ogrizek@krl.si<\/a><\/p>\n<p>&nbsp;<\/p>\n<p><strong>Lekarni\u0161ka podru\u017enica Podgrad<\/strong><\/p>\n<p>Podgrad 12 B<br \/>\n6244 Podgrad<\/p>\n<p>Vodja podru\u017enice: Metka Zidar, mag.farm.<\/p>\n<p>Telefon: 05 71 11 760<br \/>\nE-naslov: <a href=\"mailto:metka.zidar@krl.si\">metka.zidar@krl.si<\/a><\/p>\n<p>&nbsp;<\/p>\n<p><strong>Lekarni\u0161ka podru\u017enica Dutovlje<\/strong><\/p>\n<p>Dutovlje 124<br \/>\n6221 Dutovlje<\/p>\n<p>Vodja podru\u017enice: Danila Kov\u0161ca, mag.farm.<\/p>\n<p>Telefon: 05 73 11 795<br \/>\nE-naslov: <a href=\"mailto:danila.kovsca@krl.si\">danila.kovsca@krl.si<\/a><\/p>\n<p>&nbsp;<\/p>\n<p><strong>Lekarni\u0161ka podru\u017enica Prestranek<\/strong><\/p>\n<p>Ulica padlih borcev 22<br \/>\n6258 Prestranek<\/p>\n<p>Vodja lekarne: Barbara Mulec, mag.farm.<\/p>\n<p>Telefon: 05 72 11 700<br \/>\nE-naslov: <a href=\"mailto:barbara.mulec@krl.si\">barbara.mulec@krl.si<\/a><\/p>\n<p>&nbsp;<\/p>\n<p><strong>Lekarna Ruj Se\u017eana<\/strong><\/p>\n<p>Partizanska cesta 73 B<br \/>\n6210 Se\u017eana<\/p>\n<p>Vodja lekarne: Hana Brelih \u010cebron, mag.farm.<\/p>\n<p>Telefon: 05 73 11 774<br \/>\nE-naslov: <a href=\"mailto:hana.brelih-cebron@krl.si\">hana.brelih-cebron@krl.si<\/a><\/p>\n<p>&nbsp;<\/p>\n<p><strong>Lekarna Trnovo Ilirska Bistrica<\/strong><\/p>\n<p>Vilharjeva cesta 33 D<br \/>\n6250 Ilirska Bistrica<\/p>\n<p>Vodja lekarne: Sonja Bubni\u010d \u0160turm, mag.farm.<\/p>\n<p>Telefon: 05 71 11 755<br \/>\nE-naslov: <a href=\"mailto:sonja.bubnic-sturm@krl.si\">sonja.bubnic-sturm@krl.si<\/a><\/td>\n<\/tr>\n<tr>\n<td><strong>Organigram Zavoda:<\/strong><\/td>\n<td><a href=\"https:\/\/www.kraske-lekarne.razvija.se\/wp-content\/uploads\/2022\/11\/3-a-organigram-popr.pdf\">Organigram Javnega zavoda Kra\u0161ke lekarne Ilirska Bistrica<\/a><\/td>\n<\/tr>\n<tr>\n<td colspan=\"2\">\n<h5>2.b Kontaktni podatki uradnih oseb, pristojnih za posredovanje informacij javnega zna\u010daja<\/h5>\n<\/td>\n<\/tr>\n<tr>\n<td><strong>Pristojna oseba:<\/strong><\/td>\n<td>Ana Kobal, mag.farm., direktorica<\/p>\n<p>Telefon: 05 71 11 750<\/p>\n<p>E-naslov: <a href=\"mailto:ana.kobal@krl.si\">ana.kobal@krl.si<\/a><\/td>\n<\/tr>\n<tr>\n<td colspan=\"2\">\n<h5>2.c Seznam zakonov, podzakonskih aktov in predpisov Evropske skupnosti delovnega podro\u010dja<\/h5>\n<\/td>\n<\/tr>\n<tr>\n<td><strong>Dr\u017eavni predpisi:<\/strong><\/td>\n<td><strong>Dr\u017eavni predpisi:<\/strong><\/p>\n<ul>\n<li><a href=\"http:\/\/zakonodaja.gov.si\" target=\"_blank\" rel=\"noopener\">Predpisi s podro\u010dja zdravstva<\/a><\/li>\n<li>Zakon o lekarni\u0161ki dejavnosti \u2013 ZLD-1 (Ur.l. RS, \u0161t. 85\/2016)<\/li>\n<li>Zakon o zdravstvenem varstvu in zdravstvenem zavarovanju (Ur.l. RS 72\/06 \u2013 uradno pre\u010di\u0161\u010deno besedilo, 91\/07, 76\/08, 87\/11)<\/li>\n<li>Zakon o zdravstveni dejavnosti (Ur.l. RS 23\/05 UPB, 15\/08, 23\/08)<\/li>\n<li>Zakon o zdravilih- ZZdr-2 (Ur.l. RS 17\/14)<\/li>\n<li>Zakon o medicinskih pripomo\u010dkih (Ur.l. RS 98\/09)<\/li>\n<li>Zakon o kemikalijah (Ur.l. RS 110\/03-PB, 47\/04, 16\/08, 9\/11)<\/li>\n<li>Zakon o proizvodnji in prometu s prepovedanimi drogami (Ur.l. RS 108\/99, 44\/00, 2\/04, 47\/04)<\/li>\n<li>Zakon o veterinarstvu (Ur.l. RS 33\/01)<\/li>\n<li>Pravilnik o uporabi tablet kalijevega jodida ob jedrski ali radiolo\u0161ki nesre\u010di (Ur.l. RS 59\/10)<\/li>\n<li>Uredba o ravnanju z odpadki (Ur.l. RS 34\/08)<\/li>\n<li>Uredba o ravnanju z odpadki, ki nastajajo pri opravljanju zdravstvene dejavnosti in veterinarske dejavnosti ter z njima povezanih raziskavah (Ur.l. RS 89\/08)<\/li>\n<li>Uredba o ravnanju z odpadnimi zdravili (Ur.l. RS 105\/08)<\/li>\n<li>Pravilnik o pogojih za opravljanje lekarni\u0161ke dejavnosti (Ur.l. RS, \u0161t. 39\/2006)<\/li>\n<li>Pravila obveznega zdravstvenega zavarovanja<\/li>\n<li>Pravilnik o strokovnem nadzoru s svetovanjem (Ur.l. RS 62\/93, 98\/99)<\/li>\n<li>Zakon o pacientovih pravicah (Ur.l. RS \u0161t. 15\/2008)<\/li>\n<\/ul>\n<p><em>Pri dostopu do predpisov na navedenem spletnem mestu gre za neuradna pre\u010di\u0161\u010dena besedila, ki predstavljajo zgolj informativni delovni pripomo\u010dek, glede katerih javni zavod ne jam\u010di od\u0161kodninsko ali kako druga\u010de.<\/em><\/td>\n<\/tr>\n<tr>\n<td><strong>Predpisi lokalnih skupnosti:<\/strong><\/td>\n<td><a href=\"https:\/\/www.kraske-lekarne.razvija.se\/wp-content\/uploads\/2020\/07\/odlok.pdf\" target=\"_blank\" rel=\"noopener noreferrer\">Odlok o ustanovitvi Javnega zavoda Kra\u0161ke lekarne Ilirska Bistrica<br \/>\n<\/a><a href=\"https:\/\/www.kraske-lekarne.razvija.se\/wp-content\/uploads\/2020\/07\/statut-zavoda.pdf\" target=\"_blank\" rel=\"noopener noreferrer\">Statut Javnega zavoda Kra\u0161ke lekarne Ilirska Bistrica<\/a><\/td>\n<\/tr>\n<tr>\n<td><strong>Predpisi Evropske unije:<\/strong><\/td>\n<td><a href=\"http:\/\/ec.europa.eu\/health\/index_sl.htm\">http:\/\/ec.europa.eu\/health\/index_sl.htm<\/a><\/td>\n<\/tr>\n<tr>\n<td colspan=\"2\">\n<h5>2.d Seznam predlogov predpisov<\/h5>\n<\/td>\n<\/tr>\n<tr>\n<td><strong>Predlogi predpisov:<\/strong><\/td>\n<td>Predpisi v obravnavi so dostopni na spletnih naslovih:<\/p>\n<ul>\n<li><a href=\"http:\/\/www.vlada.si\" target=\"_blank\" rel=\"noopener\">Predlogi predpisov na spletnih straneh vlade RS<\/a><\/li>\n<li><a href=\"http:\/\/www.dz-rs.si\/wps\/portal\/Home\/\" target=\"_blank\" rel=\"noopener\">Predlogi predpisov na spletnih straneh Dr\u017eavnega zbora<\/a><\/li>\n<li><a href=\"http:\/\/eur-lex.europa.eu\/sl\/prep\/latest\/chap1530.htm\" target=\"_blank\" rel=\"noopener\">EU portal<\/a><\/li>\n<\/ul>\n<p><em>Pri dostopu do predpisov na navedeni spletni strani gre za neuradna pre\u010di\u0161\u010dena besedila, ki predstavljajo zgolj informativni delovni pripomo\u010dek, glede katerih javni zavod ne jam\u010di od\u0161kodninsko ali kako druga\u010de.<\/em><\/td>\n<\/tr>\n<tr>\n<td colspan=\"2\">\n<h5>2.e Seznam strate\u0161kih in programskih dokumentov po vsebinskih sklopih<\/h5>\n<\/td>\n<\/tr>\n<tr>\n<td><strong>Seznam strate\u0161kih in programskih dokumentov:<\/strong><\/td>\n<td>Strategija razvoja zdravstvenega varstva na primarni ravni je v kompetenci ob\u010din ustanoviteljic. Razvoj lekarni\u0161ke dejavnosti na obmo\u010dju delovanja zavoda je usklajen z ob\u010dinami ustanoviteljicami.<\/p>\n<p><a href=\"https:\/\/www.ajpes.si\/podjetje\/Kraske_lekarne_Ilirska_Bistrica?enota=224018&amp;EnotaStatus=1\" target=\"_blank\" rel=\"noopener\">Letno poro\u010dilo<\/a><\/td>\n<\/tr>\n<tr>\n<td colspan=\"2\">\n<h5>2.f Seznam vrst upravnih, sodnih ali zakonodajnih postopkov oz. uradnih ali javnih storitev, ki jih organ vodi, oz. zagotavlja svojim uporabnikom.<\/h5>\n<\/td>\n<\/tr>\n<tr>\n<td><strong>Vrste postopkov, ki jih vodi Zavod<\/strong><\/td>\n<td>V zavodu vodimo upravne postopke na podlagi Zakona o dostopu do informacij javnega zna\u010daja (ZDIJZ) glede informacij javnega zna\u010daja.<\/td>\n<\/tr>\n<tr>\n<td colspan=\"2\">\n<h5>2.g Seznam javnih evidenc, s katerimi zavod upravlja<\/h5>\n<\/td>\n<\/tr>\n<tr>\n<td><strong>Seznam evidenc:<\/strong><\/td>\n<td>Javni zavod Kra\u0161ke lekarne Ilirska Bistrica javnih evidenc, ki bi bile javno oziroma prosto dostopne ne vodi.<\/td>\n<\/tr>\n<tr>\n<td colspan=\"2\">\n<h5>2.h Seznam drugih informatiziranih zbirk podatkov<\/h5>\n<\/td>\n<\/tr>\n<tr>\n<td><strong>Seznam zbirk:<\/strong><\/td>\n<td>\n<ol>\n<li>Evidenca o zaposlenih delavcih<\/li>\n<li>Evidenca o pla\u010di zaposlenih delavcev<\/li>\n<li>Evidenca podatkov o izvajanju videonadzora<\/li>\n<li>Evidenca podatkov za kognitivne farmacevtske storitve<\/li>\n<\/ol>\n<\/td>\n<\/tr>\n<tr>\n<td colspan=\"2\">\n<h5>2.i Najpomembnej\u0161i vsebinski sklopi drugih informacij javnega zna\u010daja oziroma seznam posameznih dokumentov, ki vsebujejo informacije javnega zna\u010daja<\/h5>\n<\/td>\n<\/tr>\n<tr>\n<td colspan=\"2\"><a href=\"http:\/\/www.uradni-list.si\/1\/content?id=8https:\/\/www.kraske-lekarne.razvija.se\/wp-content\/uploads\/2020\/07\/odlok.pdf5001\" target=\"_blank\" rel=\"noopener noreferrer\">Odlok o ustanovitvi Javnega zavoda Kra\u0161ke lekarne Ilirska Bistrica<\/a><\/p>\n<p><a href=\"https:\/\/www.kraske-lekarne.razvija.se\/wp-content\/uploads\/2020\/07\/statut-zavoda.pdf\" target=\"_blank\" rel=\"noopener noreferrer\">Statut Javnega zavoda Kra\u0161ke lekarne Ilirska Bistrica<\/a><\/p>\n<p><a href=\"https:\/\/www.kraske-lekarne.razvija.se\/informacije.html\">Poslovnik sveta zavoda<\/a><\/p>\n<p>Vsebina teh dokumentov in drugih internih aktov je dostopna na sede\u017eu zavoda v \u010dasu:<br \/>\nod ponedeljka do petka, od 7. do 14. ure.<\/p>\n<p>Vljudno vas prosimo, da va\u0161o zahtevo za dostop, do vsebinskega sklopa v fizi\u010dni obliki predhodno posredujete osebi, ki je pristojna za posredovanje informacij javnega zna\u010daja.<\/td>\n<\/tr>\n<\/tbody>\n<\/table>\n<p>&nbsp;<\/p>\n<h4>3. Opis na\u010dina dostopa do drugih informacij javnega zna\u010daja<\/h4>\n<table class=\"table table-hover\">\n<tbody>\n<tr>\n<td colspan=\"2\"><\/td>\n<\/tr>\n<tr>\n<td><strong>Opis dostopa do posameznih sklopov informacij:<\/strong><\/td>\n<td><strong>NEPOSREDEN DOSTOP:<\/strong><\/p>\n<p>Dostop do informacij javnega zna\u010daja iz kataloga je mo\u017een preko spletne strani <a href=\"https:\/\/www.kraske-lekarne.razvija.se\/\">http:\/\/www.krl.si<\/a>, poglavje \u00bb katalog informacij javnega zna\u010daja\u00ab.<\/p>\n<p>Za ogled spletnih strani je potrebno instalirati ustrezno programsko opremo za dostop do interneta, kot je na primer <a href=\"http:\/\/www.microsoft.com\/slovenija\" target=\"_blank\" rel=\"noopener\">MS Internet Explorer ver. 6 ali novej\u0161i<\/a>. <a href=\"http:\/\/www.mozilla.com\" target=\"_blank\" rel=\"noopener\">Firefox<\/a> in podobni. Pri izdelavi in dostopa do spletne strani smo upo\u0161tevali sodobne razvojne trende na tem podro\u010dju in raz\u0161irjenost tipov programske opreme v Sloveniji za dostop do spletnih strani. Katalog je zasnovan\u00a0 kot spletni portal s \u0161tevilnimi povezavami na razli\u010dne spletne strani. Vse informacije javnega zna\u010daja so objavljene v tekstovni obliki, ki so tako na\u010deloma dostopne tudi slepim in slabovidnim. Nekatere informacije javnega zna\u010daja so objavljene v PDF formatu, zato je za njihovo branje potrebno predhodno nalo\u017eiti programsko opremo na osebni ra\u010dunalnik \u2013 <a href=\"http:\/\/www.adobe.com\" target=\"_blank\" rel=\"noopener\">Adobe Reader<\/a>.<\/p>\n<p><strong>DOSTOP NA PODLAGI \u00a0POSEBNE ZAHTEVE:<\/strong><\/p>\n<ul>\n<li><strong>Neformalna zahteva<\/strong><\/li>\n<\/ul>\n<p>npr. ustno, preko telefona ali po elektronski poti<\/p>\n<p>\u010ce zahtevne informacije ne vsebujejo varovanih podatkov po ZDIJZ, zavod tak\u0161ni vlogi ugodi in prosilcu omogo\u010di dostop do informacij.<\/p>\n<ul>\n<li><strong>Formalna zahteva<\/strong>\n<ul>\n<li>Zahteva podana ustno na zapisnik.<\/li>\n<li>Pisna zahteva po po\u0161ti oziroma po elektronski po\u0161ti.<\/li>\n<li>Zahteva mora vsebovati:\n<ul>\n<li>navedbo organa, ki se mu po\u0161ilja,<\/li>\n<li>osebno ime ali firmo prosilca (z navedbo morebitnega zastopnika ali poobla\u0161\u010denca),<\/li>\n<li>naslov prosilca(oziroma naslov zastopnika oziroma poobla\u0161\u010denca),<\/li>\n<li>opredelitev informacije, s katero se \u017eeli seznaniti,<\/li>\n<li>na\u010din, na katerega \u017eeli biti prosilec z informacijo seznanjen (npr. elektronski zapis, fotokopija).<\/li>\n<\/ul>\n<\/li>\n<\/ul>\n<\/li>\n<\/ul>\n<p>Zahtevo se lahko poda na:<\/p>\n<ul>\n<li>elektronski naslov <a href=\"mailto:ana.kobal@krl.si\">ana.kobal@krl.si<\/a><\/li>\n<li>naslov zavoda: Gregor\u010di\u010deva cesta 8a, 6250 Ilirska Bistrica<\/li>\n<li>tel: 05 71 11 750<\/li>\n<\/ul>\n<p><strong>DOSTOP ZA LJUDI S POSEBNIMI POTREBAMI:<\/strong><\/p>\n<p>Prosilci se lahko zglasijo osebno na upravi Kra\u0161kih lekarn, kjer jim, \u010de ne bo \u0161lo druga\u010de, informacijo na njihovo zahtevo tudi preberemo oz. ustno obrazlo\u017eimo.<\/td>\n<\/tr>\n<\/tbody>\n<\/table>\n<h4><\/h4>\n<h4>4. Stro\u0161kovnik za dostop do informacij javnega zna\u010daja:<\/h4>\n<table class=\"table table-hover\">\n<tbody>\n<tr>\n<td colspan=\"2\"><\/td>\n<\/tr>\n<tr>\n<td><strong>Stro\u0161kovnik za obra\u010dun materialnih stro\u0161kov nastalih pri posredovanju informacij javnega zna\u010daja:<\/strong><\/td>\n<td>Javni zavod Kra\u0161ke lekarne Ilirska Bistrica je upravi\u010den prosilcem informacij javnega zna\u010daja zara\u010dunavati materialne stro\u0161ke posredovanja informacij javnega zna\u010daja na podlagi 19. \u010dlena Uredbe o posredovanju in ponovni uporabi informacij javnega zna\u010daja ( Uradni list RS, \u0161t. 76\/2005 in 119\/2007)<\/p>\n<p><a href=\"https:\/\/www.kraske-lekarne.razvija.se\/wp-content\/uploads\/2022\/10\/Cenik-materialnih-stroskov.pdf\" target=\"_blank\" rel=\"noopener\">Cenik materialnih stro\u0161kov posredovanja informacij javnega zna\u010daja<\/a><\/td>\n<\/tr>\n<\/tbody>\n<\/table>\n<p>&nbsp;<\/p>\n<h4>5. Seznam najpogosteje zahtevanih informacij javnega zna\u010daja<\/h4>\n<table class=\"table table-hover\">\n<tbody>\n<tr>\n<td colspan=\"2\">Do sedaj ni bilo izdanega nobenega zahtevka za vpogled v katalog informacij javnega zna\u010daja.<\/td>\n<\/tr>\n<\/tbody>\n<\/table>\n<p>&nbsp;<\/p>\n<p>&nbsp;<\/p>\n","protected":false},"excerpt":{"rendered":"<p>Katalog informacij javnega zna\u010daja Javni zavod Kra\u0161ke lekarne Ilirska Bistrica objavlja katalog informacij javnega zna\u010daja na podlagi Zakona o dostopu do informacij javnega zna\u010daja in [&hellip;]<\/p>\n","protected":false},"author":15,"featured_media":596,"parent":17,"menu_order":10,"comment_status":"closed","ping_status":"closed","template":"","meta":{"_acf_changed":false,"footnotes":""},"class_list":["post-81","page","type-page","status-publish","has-post-thumbnail","hentry"],"acf":[],"_links":{"self":[{"href":"http:\/\/kraske-lekarne.razvija.se\/index.php?rest_route=\/wp\/v2\/pages\/81","targetHints":{"allow":["GET"]}}],"collection":[{"href":"http:\/\/kraske-lekarne.razvija.se\/index.php?rest_route=\/wp\/v2\/pages"}],"about":[{"href":"http:\/\/kraske-lekarne.razvija.se\/index.php?rest_route=\/wp\/v2\/types\/page"}],"author":[{"embeddable":true,"href":"http:\/\/kraske-lekarne.razvija.se\/index.php?rest_route=\/wp\/v2\/users\/15"}],"replies":[{"embeddable":true,"href":"http:\/\/kraske-lekarne.razvija.se\/index.php?rest_route=%2Fwp%2Fv2%2Fcomments&post=81"}],"version-history":[{"count":1,"href":"http:\/\/kraske-lekarne.razvija.se\/index.php?rest_route=\/wp\/v2\/pages\/81\/revisions"}],"predecessor-version":[{"id":4370,"href":"http:\/\/kraske-lekarne.razvija.se\/index.php?rest_route=\/wp\/v2\/pages\/81\/revisions\/4370"}],"up":[{"embeddable":true,"href":"http:\/\/kraske-lekarne.razvija.se\/index.php?rest_route=\/wp\/v2\/pages\/17"}],"wp:featuredmedia":[{"embeddable":true,"href":"http:\/\/kraske-lekarne.razvija.se\/index.php?rest_route=\/wp\/v2\/media\/596"}],"wp:attachment":[{"href":"http:\/\/kraske-lekarne.razvija.se\/index.php?rest_route=%2Fwp%2Fv2%2Fmedia&parent=81"}],"curies":[{"name":"wp","href":"https:\/\/api.w.org\/{rel}","templated":true}]}}