{"id":76,"date":"2016-12-14T12:47:14","date_gmt":"2016-12-14T12:47:14","guid":{"rendered":"https:\/\/www.kraske-lekarne.razvija.se\/?page_id=76"},"modified":"2017-06-08T14:34:12","modified_gmt":"2017-06-08T12:34:12","slug":"zgodovina","status":"publish","type":"page","link":"http:\/\/kraske-lekarne.razvija.se\/?page_id=76","title":{"rendered":"Zgodovina"},"content":{"rendered":"<h3>Lekarna Ilirska Bistrica<\/h3>\n<ul>\n<li>Za\u010detek lekarni\u0161ke dejavnosti na ilirskobistri\u0161kem obmo\u010dju je po virih dr\u017eavnega arhiva RH z Reke evidentiran v letu 1932. 3. novembra 1932 je za\u010dela z delovanjem lekarna Al Redentore, pri \u010demer je v dokumentaciji razvidno, da se je v prostorih omenjene lekarne \u017ee pred tem odvijala lekarni\u0161ka dejavnost. \u0160lo je za dokaj sodobno lekarno za tiste \u010dase.<\/li>\n<li>Do konca druge svetovne vojne sta delovali lekarni tudi v Podgradu in Kne\u017eaku.<\/li>\n<li>Dne 4. maja 1950 je bila z odlo\u010dbo OLO Ilirska Bistrica ustanovljeno dr\u017eavno gospodarsko podjetje Okrajna lekarna Ilirska Bistrica. Nato je \u010dez dve leti: 17. junija 1952 Okrajni ljudski odbor Postojna izdal <em>Odlo\u010dbo o prehodu dr\u017eavnega gospodarskega podjetja Okrajna lekarna Ilirska Bistrica na poslovanje kot ustanova s samostojnim financiranjem<\/em>.<\/li>\n<li>Dne 3. septembra 1954 je Okrajni ljudski odbor Postojna sprejel <em>Odlo\u010dbo o razglasitvi okrajne lekarne v Ilirski Bistrici za finan\u010dno samostojen zavod<\/em>. V naslednjem letu in sicer 19. marca 1955 se spremeni naziv lekarne v Lekarna Ilirska Bistrica.<\/li>\n<li>18. decembra 1965 je okro\u017eno gospodarsko sodi\u0161\u010de v Kopru izdalo sklep o vpisu Lekarne Ilirska Bistrica v Register zavodov.<\/li>\n<\/ul>\n<h3>Lekarna Postojna<\/h3>\n<ul>\n<li>Postojna je dobila prvo lekarno leta 1818, lekarna je z zdravili oskrbovala vso tedanjo Notranjsko.<\/li>\n<li>Iz arhivskega gradiva Notranjskega muzeja Postojna je razvidno, da je lekarna 1870 menjala lastnika.<\/li>\n<li>Leta 1938 je postal solastnik lekarne v Postojni Ivo Ambro\u017ei\u010d, brat dr. Franca Ambro\u017ei\u010da po katerem se danes imenuje zdravstveni dom Postojna.<\/li>\n<li>Lekarna je bila v za\u010detku leta 1947 podr\u017eavljena pri \u010demer je bil Ivo Ambro\u017ei\u010d poobla\u0161\u010den za prevzem in kasnej\u0161e vodenje lekarne.<\/li>\n<li>22. februarja 1949 je bila lekarna registrirana kot dr\u017eavno gospodarsko podjetje nato je leta 1954 postala finan\u010dno samostojna ustanova kot Lekarna Postojna.<\/li>\n<li>Leta 1960 je Lekarna Postojna prevzela vodenje Lekarni\u0161ke postaje Pivka.<\/li>\n<\/ul>\n<h3>Lekarna Pivka<\/h3>\n<ul>\n<li>Nekdanji St. Peter na Krasu, dana\u0161nja Pivka, je dobila prvo lekarno leta 1927 v samem sredi\u0161\u010du kraja.<\/li>\n<li>Po podr\u017eavljenju lekarne leta 1947 je bil za upravljanje poobla\u0161\u010den Ivo Ambro\u017ei\u010d.<\/li>\n<li>22. februarja 1949 je bila z odlokom OLO Postojna ustanovljena Okrajna lekarna Pivka in vpisana v register kot gospodarska organizacija.<\/li>\n<li>23. januarja 1960 se je preoblikovala v Lekarni\u0161ko postajo Pivka, katere upravljanje je prevzela lekarna Postojna.<\/li>\n<\/ul>\n<h3>Lekarna Se\u017eana<\/h3>\n<ul>\n<li>Lekarna Se\u017eana je bila prvi\u010d vpisana v zemlji\u0161ko knjigo leta 1918.<\/li>\n<li>8. februarja 1948 je bila ustanovljena Okrajna lekarna Se\u017eana, kot dr\u017eavno gospodarsko podjetje, leta 1956 je sledil vpis v register pod imenom Lekarna Se\u017eana.<\/li>\n<li>\u017de leta 1948 je Lekarna Se\u017eana nadzorovala tudi lekarni\u0161ki postaji v Komnu in Kozini, leta 1963 pa tudi na novoustanovljeno lekarni\u0161ko postajo v Diva\u010di.<\/li>\n<\/ul>\n<h3>Lekarni\u0161ka podru\u017enica Komen<\/h3>\n<ul>\n<li>Komen je dobil prvo lekarno leta 1933.<\/li>\n<\/ul>\n<h3>Lekarni\u0161ka podru\u017enica Diva\u010da<\/h3>\n<ul>\n<li>Lekarni\u0161ka postaja v Diva\u010di je bila odprta leta 1963.<\/li>\n<\/ul>\n<h3>Lekarni\u0161ka podru\u017enica Podgrad<\/h3>\n<ul>\n<li>Lekarni\u0161ka podru\u017enica v Podgradu je bila odprta leta 2010.<\/li>\n<\/ul>\n<h3>Lekarni\u0161ka podru\u017enica Dutovlje<\/h3>\n<ul>\n<li>Lekarni\u0161ka podru\u017enica v Dutovljah je bila odprta leta 2011.<\/li>\n<\/ul>\n<p>&nbsp;<\/p>\n<h3>Javni zavod Kra\u0161ke Lekarne Ilirska Bistrica<\/h3>\n<p>Zaradi reorganizacije zdravstvene dejavnosti leta 1965, ko je veljalo, da sme imeti samostojno lekarno le obmo\u010dje z najmanj 50.000 prebivalci, je svet za zdravstvo okraja Koper sklenil, da se za obmo\u010dje ob\u010din Ilirska Bistrica, Postojna in Se\u017eana ustanovi le ena lekarna. Zbori delavcev Lekarne Ilirska Bistrica in Lekarne Postojna 16.12.1967 ter Lekarne Se\u017eana 28.09.1968 so sklenili, da se Lekarna Postojna z Lekarni\u0161ko postajo Pivka in Lekarna Se\u017eana z Lekarni\u0161kima postajama Diva\u010do in Komen pripojita k Lekarni Ilirska Bistrica. Pripojitev je bila uradno izvedena 01.10.1968, nastal je Zavod Lekarna Ilirska Bistrica. Naziv se je 19.12.1970 spremenil v Kra\u0161ke lekarne Ilirska Bistrica. Kasneje, ko smo dobili novo dr\u017eavo, so se spremenili tudi predpisi za opravljanje lekarni\u0161ke dejavnosti, zastareli prostori in oprema niso bili ve\u010d primerni.<\/p>\n<h4>Tako so si sledile obnove:<\/h4>\n<ul>\n<li>1995 Lekarni\u0161ka postaja Pivka<\/li>\n<li>1995 Lekarna Se\u017eana<\/li>\n<li>1996 Lekarna Ilirska Bistrica<\/li>\n<li>1998 Lekarni\u0161ka postaja Komen<\/li>\n<li>1999 Lekarni\u0161ka postaja Diva\u010da<\/li>\n<li>2000 Lekarna Postojna<\/li>\n<\/ul>\n<p>Na\u010drt za preureditev vseh lekarni\u0161kih enot je izdelal arhitekt Franc Ho\u010devar, sredstva pa so v celoti prispevale Kra\u0161ke lekarne Ilirska Bistrica brez pomo\u010di ob\u010din.<\/p>\n<p>19.03.1998 je bil biv\u0161i TOZD Kra\u0161ke lekarne Ilirska Bistrica vpisan v sodni register kot javni zavod Kra\u0161ke lekarne Ilirska Bistrica.<\/p>\n<p>27.07.2005 je pri\u0161lo do verifikacije Lekarni\u0161ke postaje Pivka v Lekarno Pivka.<\/p>\n<p>Zaradi majhnih prostorov in vse ve\u010djega obsega dela so sledile nove obnove in reorganizacije.<\/p>\n<p>Tako se je leta 2004 Lekarna Se\u017eana preselila na novo lokacijo. Tudi Lekarna Ilirska Bistrica se je leta 2005 preselila v nove prostore, ki so bili preurejeni za opravljanje lekarni\u0161ke dejavnosti.<\/p>\n<p>Tako so kmalu postali premajhni tudi prostori lekarne Pivka, zato se je leta 2008 dokupilo dodaten prostor na stari lokaciji in lekarno obnovilo, uredilo prostor za svetovanje, kjer se lahko bolj individualno in zasebno posvetimo pacientu. Uredilo se je dvigalo za transport blaga iz kletnih prostorov.<\/p>\n<p>Leta 2008 je bil sprejet odlok o ustanovitvi JZ Kra\u0161kih Lekarn, s \u010dimer so postale tudi na novoustanovljene ob\u010dine soustanoviteljice JZ. In poslovanje zavoda je bilo tako skladno s predpisi.<\/p>\n<p>V letu 2010 se je odprla nova podru\u017eni\u010dna lekarna v Podgradu, v letu 2011 pa podru\u017eni\u010dna lekarna v Dutovljah. V letu 2015 in 2016 je potekala rekonstrukcija obstoje\u010de lekarne v Pivki in izgradnja prizidka k lekarni. V za\u010detku leta 2016 je bila opravljena prenova lekarne Ilirska Bistrica, s katero smo pridobili ve\u010d prostora za sprejem in shranjevanje zdravil. V juniju 2016 pa je bila otvoritev nove lekarne v trgovskem centru Spar v Postojni.<\/p>\n<p>V letu 2017 je predvideno odprtje lekarni\u0161ke podru\u017enice v Prestranku.<\/p>\n<p>Sredstva za vse investicije, tako obnove kot na novo urejene enote, je zavod zagotovil iz svojih lastnih virov.<\/p>\n<p>Prostori v katerih opravljamo lekarni\u0161ko dejavnost so sodobno opremljeni v skladu z vsemi standardi in narejeni tako, da na\u0161im ob\u010danom nudimo kar se da kvalitetne storitve v prostorih, ki jih zaznamuje pe\u010dat kraja v katerem \u017eivijo.<\/p>\n","protected":false},"excerpt":{"rendered":"<p>Lekarna Ilirska Bistrica Za\u010detek lekarni\u0161ke dejavnosti na ilirskobistri\u0161kem obmo\u010dju je po virih dr\u017eavnega arhiva RH z Reke evidentiran v letu 1932. 3. novembra 1932 je [&hellip;]<\/p>\n","protected":false},"author":15,"featured_media":602,"parent":17,"menu_order":12,"comment_status":"closed","ping_status":"closed","template":"","meta":{"_acf_changed":false,"footnotes":""},"class_list":["post-76","page","type-page","status-publish","has-post-thumbnail","hentry"],"acf":[],"_links":{"self":[{"href":"http:\/\/kraske-lekarne.razvija.se\/index.php?rest_route=\/wp\/v2\/pages\/76","targetHints":{"allow":["GET"]}}],"collection":[{"href":"http:\/\/kraske-lekarne.razvija.se\/index.php?rest_route=\/wp\/v2\/pages"}],"about":[{"href":"http:\/\/kraske-lekarne.razvija.se\/index.php?rest_route=\/wp\/v2\/types\/page"}],"author":[{"embeddable":true,"href":"http:\/\/kraske-lekarne.razvija.se\/index.php?rest_route=\/wp\/v2\/users\/15"}],"replies":[{"embeddable":true,"href":"http:\/\/kraske-lekarne.razvija.se\/index.php?rest_route=%2Fwp%2Fv2%2Fcomments&post=76"}],"version-history":[{"count":1,"href":"http:\/\/kraske-lekarne.razvija.se\/index.php?rest_route=\/wp\/v2\/pages\/76\/revisions"}],"predecessor-version":[{"id":4359,"href":"http:\/\/kraske-lekarne.razvija.se\/index.php?rest_route=\/wp\/v2\/pages\/76\/revisions\/4359"}],"up":[{"embeddable":true,"href":"http:\/\/kraske-lekarne.razvija.se\/index.php?rest_route=\/wp\/v2\/pages\/17"}],"wp:featuredmedia":[{"embeddable":true,"href":"http:\/\/kraske-lekarne.razvija.se\/index.php?rest_route=\/wp\/v2\/media\/602"}],"wp:attachment":[{"href":"http:\/\/kraske-lekarne.razvija.se\/index.php?rest_route=%2Fwp%2Fv2%2Fmedia&parent=76"}],"curies":[{"name":"wp","href":"https:\/\/api.w.org\/{rel}","templated":true}]}}