{"id":62,"date":"2016-11-03T14:40:38","date_gmt":"2016-11-03T14:40:38","guid":{"rendered":"https:\/\/www.kraske-lekarne.razvija.se\/?page_id=62"},"modified":"2017-06-08T14:36:34","modified_gmt":"2017-06-08T12:36:34","slug":"pohvale-pritozbe-in-predlogi","status":"publish","type":"page","link":"http:\/\/kraske-lekarne.razvija.se\/?page_id=62","title":{"rendered":"Pohvale, prito\u017ebe in predlogi"},"content":{"rendered":"<div>\n<p><em>Z obrazcem Pohvale, prito\u017ebe in predlogi nam lahko sporo\u010dite va\u0161e pripombe, predloge in ideje. Veseli bomo vseh va\u0161ih pripomb, predlogov in idej, ker na ta na\u010din na\u0161e storitve \u0161e izbolj\u0161ujemo.<\/em><\/p>\n<p>&nbsp;<\/p>\n<\/div>\n\n<div class=\"wpcf7 no-js\" id=\"wpcf7-f4-o1\" lang=\"en-US\" dir=\"ltr\" data-wpcf7-id=\"4\">\n<div class=\"screen-reader-response\"><p role=\"status\" aria-live=\"polite\" aria-atomic=\"true\"><\/p> <ul><\/ul><\/div>\n<form action=\"\/index.php?rest_route=%2Fwp%2Fv2%2Fpages%2F62#wpcf7-f4-o1\" method=\"post\" class=\"wpcf7-form init\" aria-label=\"Contact form\" novalidate=\"novalidate\" data-status=\"init\">\n<fieldset class=\"hidden-fields-container\"><input type=\"hidden\" name=\"_wpcf7\" value=\"4\" \/><input type=\"hidden\" name=\"_wpcf7_version\" value=\"6.1.1\" \/><input type=\"hidden\" name=\"_wpcf7_locale\" value=\"en_US\" \/><input type=\"hidden\" name=\"_wpcf7_unit_tag\" value=\"wpcf7-f4-o1\" \/><input type=\"hidden\" name=\"_wpcf7_container_post\" value=\"0\" \/><input type=\"hidden\" name=\"_wpcf7_posted_data_hash\" value=\"\" \/><input type=\"hidden\" name=\"_wpcf7_recaptcha_response\" value=\"\" \/>\n<\/fieldset>\n<p><label> Ime in priimek* <\/label>\n<div class=\"form-group your-name\"><input class=\"wpcf7-form-control wpcf7-text wpcf7-validates-as-required form-control\" name=\"your-name\" type=\"text\" value=\"\" aria-invalid=\"false\" aria-required=\"true\" required><\/div> <\/p>\n<p><label> E-naslov* <\/label>\n<div class=\"form-group your-email\"><input class=\"wpcf7-form-control wpcf7-email wpcf7-validates-as-required wpcf7-text wpcf7-validates-as-email form-control\" name=\"your-email\" type=\"email\" value=\"\" aria-invalid=\"false\" aria-required=\"true\" required><\/div><\/p>\n<p><label> Zadeva <\/label>\n<div class=\"form-group your-subject\"><input class=\"wpcf7-form-control wpcf7-text form-control\" name=\"your-subject\" type=\"text\" value=\"\" aria-invalid=\"false\"><\/div><\/p>\n<p><label>Va\u0161e sporo\u010dilo, prito\u017eba, pohvala, predlog ...<\/label>\n<div class=\"form-group your-message\"><textarea class=\"wpcf7-form-control wpcf7-textarea form-control\" name=\"your-message\" rows=\"4\" aria-invalid=\"false\"><\/textarea><\/div><\/p>\n<p><div class=\"form-group wpcf7-form-control wpcf7-checkbox wpcf7-validates-as-required checkbox-252\"><div class=\"checkbox wpcf7-form-control wpcf7-checkbox wpcf7-validates-as-required checkbox-252\"><label ><input name=\"checkbox-252\" type=\"checkbox\" value=\"Sprejmi\" aria-invalid=\"false\" aria-required=\"true\" required>Sprejmi<\/label><\/div><\/div> <a href=\"\/pravno-obvestilo\/\" target=\"_blank\">Pravno obvestilo<\/a><\/p>\n\n<p>&nbsp;<\/p>\n<div class=\"form-group\"><div><input class=\"wpcf7-form-control wpcf7-submit btn btn-default\" type=\"submit\" value=\"Oddaj sporo\u010dilo\"><\/div><\/div><div class=\"wpcf7-response-output alert alert-warning\"><\/div>\n<\/form>\n<\/div>\n\n","protected":false},"excerpt":{"rendered":"<p>Z obrazcem Pohvale, prito\u017ebe in predlogi nam lahko sporo\u010dite va\u0161e pripombe, predloge in ideje. Veseli bomo vseh va\u0161ih pripomb, predlogov in idej, ker na ta [&hellip;]<\/p>\n","protected":false},"author":15,"featured_media":603,"parent":17,"menu_order":11,"comment_status":"closed","ping_status":"closed","template":"","meta":{"_acf_changed":false,"footnotes":""},"class_list":["post-62","page","type-page","status-publish","has-post-thumbnail","hentry"],"acf":[],"_links":{"self":[{"href":"http:\/\/kraske-lekarne.razvija.se\/index.php?rest_route=\/wp\/v2\/pages\/62","targetHints":{"allow":["GET"]}}],"collection":[{"href":"http:\/\/kraske-lekarne.razvija.se\/index.php?rest_route=\/wp\/v2\/pages"}],"about":[{"href":"http:\/\/kraske-lekarne.razvija.se\/index.php?rest_route=\/wp\/v2\/types\/page"}],"author":[{"embeddable":true,"href":"http:\/\/kraske-lekarne.razvija.se\/index.php?rest_route=\/wp\/v2\/users\/15"}],"replies":[{"embeddable":true,"href":"http:\/\/kraske-lekarne.razvija.se\/index.php?rest_route=%2Fwp%2Fv2%2Fcomments&post=62"}],"version-history":[{"count":0,"href":"http:\/\/kraske-lekarne.razvija.se\/index.php?rest_route=\/wp\/v2\/pages\/62\/revisions"}],"up":[{"embeddable":true,"href":"http:\/\/kraske-lekarne.razvija.se\/index.php?rest_route=\/wp\/v2\/pages\/17"}],"wp:featuredmedia":[{"embeddable":true,"href":"http:\/\/kraske-lekarne.razvija.se\/index.php?rest_route=\/wp\/v2\/media\/603"}],"wp:attachment":[{"href":"http:\/\/kraske-lekarne.razvija.se\/index.php?rest_route=%2Fwp%2Fv2%2Fmedia&parent=62"}],"curies":[{"name":"wp","href":"https:\/\/api.w.org\/{rel}","templated":true}]}}