{"id":3758,"date":"2025-04-18T14:18:49","date_gmt":"2025-04-18T12:18:49","guid":{"rendered":"https:\/\/kraske-lekarne.razvija.se\/?page_id=3758"},"modified":"2025-04-18T14:22:27","modified_gmt":"2025-04-18T12:22:27","slug":"pooblascenec-za-varnost-pacientov","status":"publish","type":"page","link":"http:\/\/kraske-lekarne.razvija.se\/?page_id=3758","title":{"rendered":"Poobla\u0161\u010denec za varnost pacientov"},"content":{"rendered":"<p>Na podlagi 16. \u010dlena Zakona o zagotavljanju kakovosti v zdravstvu (Uradni list RS, \u0161t.\u00a0<a href=\"http:\/\/www.uradni-list.si\/1\/objava.jsp?sop=2008-01-0455\" data-saferedirecturl=\"https:\/\/www.google.com\/url?q=http:\/\/www.uradni-list.si\/1\/objava.jsp?sop%3D2008-01-0455&amp;source=gmail&amp;ust=1745062663457000&amp;usg=AOvVaw11SLo7kteisQJYMsWQay6i\">102\/<\/a>24, ZZKZ), je za poobla\u0161\u010denca za varnost pacientov v JZ Kra\u0161ke lekarne Ilirska Bistrica imenovana Kristina Furlan, mag. farm.<\/p>\n<p>&nbsp;<\/p>\n<h4>Poobla\u0161\u010denec za varnost pacientov<\/h4>\n<p>Kristina Furlan, mag. farm.<\/p>\n<p>e-naslov: <a href=\"mailto:kristina.furlan@krl.si\">kristina.furlan@krl.si<\/a><\/p>\n<p>tel. (lekarne Postojna): 05 72 11 700<\/p>\n","protected":false},"excerpt":{"rendered":"<p>Na podlagi 16. \u010dlena Zakona o zagotavljanju kakovosti v zdravstvu (Uradni list RS, \u0161t.\u00a0102\/24, ZZKZ), je za poobla\u0161\u010denca za varnost pacientov v JZ Kra\u0161ke lekarne [&hellip;]<\/p>\n","protected":false},"author":14,"featured_media":0,"parent":17,"menu_order":16,"comment_status":"closed","ping_status":"closed","template":"","meta":{"_acf_changed":false,"footnotes":""},"class_list":["post-3758","page","type-page","status-publish","hentry"],"acf":[],"_links":{"self":[{"href":"http:\/\/kraske-lekarne.razvija.se\/index.php?rest_route=\/wp\/v2\/pages\/3758","targetHints":{"allow":["GET"]}}],"collection":[{"href":"http:\/\/kraske-lekarne.razvija.se\/index.php?rest_route=\/wp\/v2\/pages"}],"about":[{"href":"http:\/\/kraske-lekarne.razvija.se\/index.php?rest_route=\/wp\/v2\/types\/page"}],"author":[{"embeddable":true,"href":"http:\/\/kraske-lekarne.razvija.se\/index.php?rest_route=\/wp\/v2\/users\/14"}],"replies":[{"embeddable":true,"href":"http:\/\/kraske-lekarne.razvija.se\/index.php?rest_route=%2Fwp%2Fv2%2Fcomments&post=3758"}],"version-history":[{"count":0,"href":"http:\/\/kraske-lekarne.razvija.se\/index.php?rest_route=\/wp\/v2\/pages\/3758\/revisions"}],"up":[{"embeddable":true,"href":"http:\/\/kraske-lekarne.razvija.se\/index.php?rest_route=\/wp\/v2\/pages\/17"}],"wp:attachment":[{"href":"http:\/\/kraske-lekarne.razvija.se\/index.php?rest_route=%2Fwp%2Fv2%2Fmedia&parent=3758"}],"curies":[{"name":"wp","href":"https:\/\/api.w.org\/{rel}","templated":true}]}}