{"id":3076,"date":"2024-07-03T08:34:08","date_gmt":"2024-07-03T06:34:08","guid":{"rendered":"https:\/\/www.kraske-lekarne.razvija.se\/?page_id=3076"},"modified":"2024-07-03T08:38:02","modified_gmt":"2024-07-03T06:38:02","slug":"projekt-healthchain","status":"publish","type":"page","link":"http:\/\/kraske-lekarne.razvija.se\/?page_id=3076","title":{"rendered":"Projekt Healthchain"},"content":{"rendered":"<section class=\"kc-elm kc-css-174357 kc_row\"><div class=\"kc-row-container  kc-container\"><div class=\"kc-wrap-columns\"><div class=\"kc-elm kc-css-464895 kc_col-sm-12 kc_column kc_col-sm-12\"><div class=\"kc-col-container\"><div class=\"kc-elm kc-css-252068 kc_text_block\"><\/p>\n<p>Kra\u0161ke lekarne v sodelovanju z Gospodarjem zdravja sodelujejo v evropskem projektu HealthChain. Namen projekta je izbolj\u0161ati izku\u0161njo bolnikov pri operaciji kolka s kraj\u0161anjem hospitalizacije in izbolj\u0161anim vklju\u010devanjem bolnikov v proces zdravljenja pred in po operaciji. V projekt so vklju\u010deni tudi lekarni\u0161ki farmacevti na\u0161ega zavoda, ki bodo na daljavo izdelali bolnikom osebno kartico zdravil za potrebe brez\u0161ivne oskrbe.<\/p>\n<p>\n<\/div>\n<div class=\"kc-elm kc-css-963984 services-card-button\">\n\t<a class=\"kc_button btn btn-primary\" href=\"https:\/\/www.gospodar-zdravja.si\/kraske-lekarne\" target=\"_blank\" title=\"\" onclick=\"\">\n\t\tSodeluj v projektu\t<\/a>\n<\/div>\n<\/div><\/div><\/div><\/div><\/section>\n","protected":false},"excerpt":{"rendered":"","protected":false},"author":14,"featured_media":0,"parent":0,"menu_order":1,"comment_status":"closed","ping_status":"closed","template":"","meta":{"_acf_changed":false,"footnotes":""},"class_list":["post-3076","page","type-page","status-publish","hentry"],"acf":[],"_links":{"self":[{"href":"http:\/\/kraske-lekarne.razvija.se\/index.php?rest_route=\/wp\/v2\/pages\/3076","targetHints":{"allow":["GET"]}}],"collection":[{"href":"http:\/\/kraske-lekarne.razvija.se\/index.php?rest_route=\/wp\/v2\/pages"}],"about":[{"href":"http:\/\/kraske-lekarne.razvija.se\/index.php?rest_route=\/wp\/v2\/types\/page"}],"author":[{"embeddable":true,"href":"http:\/\/kraske-lekarne.razvija.se\/index.php?rest_route=\/wp\/v2\/users\/14"}],"replies":[{"embeddable":true,"href":"http:\/\/kraske-lekarne.razvija.se\/index.php?rest_route=%2Fwp%2Fv2%2Fcomments&post=3076"}],"version-history":[{"count":0,"href":"http:\/\/kraske-lekarne.razvija.se\/index.php?rest_route=\/wp\/v2\/pages\/3076\/revisions"}],"wp:attachment":[{"href":"http:\/\/kraske-lekarne.razvija.se\/index.php?rest_route=%2Fwp%2Fv2%2Fmedia&parent=3076"}],"curies":[{"name":"wp","href":"https:\/\/api.w.org\/{rel}","templated":true}]}}