{"id":2470,"date":"2023-05-25T12:59:44","date_gmt":"2023-05-25T10:59:44","guid":{"rendered":"https:\/\/www.kraske-lekarne.razvija.se\/?page_id=2470"},"modified":"2023-05-25T13:01:02","modified_gmt":"2023-05-25T11:01:02","slug":"notranja-prijava-krsitev-po-zzpri","status":"publish","type":"page","link":"http:\/\/kraske-lekarne.razvija.se\/?page_id=2470","title":{"rendered":"Notranja prijava kr\u0161itev po ZZPri"},"content":{"rendered":"<p><strong>Notranja prijava kr\u0161itev na podlagi Zakona o za\u0161\u010diti prijaviteljev<\/strong><\/p>\n<p>JZ Kra\u0161ke lekarne Ilirska Bistrica je skladno z Zakonom o za\u0161\u010diti prijaviteljev (Uradni list RS, \u0161t. 16\/2023; v nadaljevanju: ZZPri) zavezan za vzpostavitev notranje poti za prijavo kr\u0161itev ter za\u0161\u010dito prijaviteljev. V kolikor sumite, da je v zavodu pri\u0161lo do kr\u0161itve predpisov, ki veljajo v RS, lahko to kr\u0161itev prijavite zaupniku znotraj zavoda (notranja prijava) ali pristojnemu organu za zunanjo prijavo. Prijavo lahko\u00a0poda samo fizi\u010dna oseba, ki je ali je bila z zavodom v delovnem ali drugem podobnem pravnem razmerju.<\/p>\n<p>Postopek notranje prijave, obravnava teh prijav in za\u0161\u010dita prijaviteljev je urejena v ZZPri in notranjih aktih zavoda. Pri tem se varuje identiteta prijavitelja v skladu s 6. \u010dlenom ZZPri.<\/p>\n<p>Za pridobitev podrobnej\u0161ih informacij o notranji prijavi kr\u0161itev in dostopa do vsebin zadevnih internih aktov se obrnite na JZ Kra\u0161ke lekarne Ilirska Bistrica preko e- po\u0161te <a href=\"mailto:prijava_zaupniku@krl.si\">prijava_zaupniku@krl.si<\/a> ali telefonske \u0161tevilke 05 71 11 747.<\/p>\n","protected":false},"excerpt":{"rendered":"<p>Notranja prijava kr\u0161itev na podlagi Zakona o za\u0161\u010diti prijaviteljev JZ Kra\u0161ke lekarne Ilirska Bistrica je skladno z Zakonom o za\u0161\u010diti prijaviteljev (Uradni list RS, \u0161t. [&hellip;]<\/p>\n","protected":false},"author":14,"featured_media":226,"parent":0,"menu_order":2,"comment_status":"closed","ping_status":"closed","template":"","meta":{"_acf_changed":false,"footnotes":""},"class_list":["post-2470","page","type-page","status-publish","has-post-thumbnail","hentry"],"acf":[],"_links":{"self":[{"href":"http:\/\/kraske-lekarne.razvija.se\/index.php?rest_route=\/wp\/v2\/pages\/2470","targetHints":{"allow":["GET"]}}],"collection":[{"href":"http:\/\/kraske-lekarne.razvija.se\/index.php?rest_route=\/wp\/v2\/pages"}],"about":[{"href":"http:\/\/kraske-lekarne.razvija.se\/index.php?rest_route=\/wp\/v2\/types\/page"}],"author":[{"embeddable":true,"href":"http:\/\/kraske-lekarne.razvija.se\/index.php?rest_route=\/wp\/v2\/users\/14"}],"replies":[{"embeddable":true,"href":"http:\/\/kraske-lekarne.razvija.se\/index.php?rest_route=%2Fwp%2Fv2%2Fcomments&post=2470"}],"version-history":[{"count":0,"href":"http:\/\/kraske-lekarne.razvija.se\/index.php?rest_route=\/wp\/v2\/pages\/2470\/revisions"}],"wp:featuredmedia":[{"embeddable":true,"href":"http:\/\/kraske-lekarne.razvija.se\/index.php?rest_route=\/wp\/v2\/media\/226"}],"wp:attachment":[{"href":"http:\/\/kraske-lekarne.razvija.se\/index.php?rest_route=%2Fwp%2Fv2%2Fmedia&parent=2470"}],"curies":[{"name":"wp","href":"https:\/\/api.w.org\/{rel}","templated":true}]}}