{"id":1783,"date":"2021-01-27T12:51:34","date_gmt":"2021-01-27T11:51:34","guid":{"rendered":"https:\/\/www.kraske-lekarne.razvija.se\/?page_id=1783"},"modified":"2024-04-25T08:55:05","modified_gmt":"2024-04-25T06:55:05","slug":"predstavnik-pacientov-in-zastopnik-pacientovih-pravic","status":"publish","type":"page","link":"http:\/\/kraske-lekarne.razvija.se\/?page_id=1783","title":{"rendered":"Predstavnik pacientov in zastopnik pacientovih pravic"},"content":{"rendered":"<h4 style=\"font-weight: 400;\">Predstavnik pacientov v svetu zavoda<\/h4>\n<p style=\"font-weight: 400;\">Vojko Mihelj<\/p>\n<p style=\"font-weight: 400;\">e-naslov: <a href=\"mailto:vojkomihelj@gmail.com\">vojkomihelj@gmail.com <\/a><\/p>\n<p style=\"font-weight: 400;\">tel: 041 565 471<\/p>\n<p>&nbsp;<\/p>\n<h4 style=\"font-weight: 400;\">Zastopnik pacientovih pravic<\/h4>\n<p style=\"font-weight: 400;\">Jo\u017eica Tro\u0161t Kru\u0161ec, mag.prava<\/p>\n<p style=\"font-weight: 400;\">e-naslov: <a href=\"jozica.trost-krusec.ext@gov.si\">jozica.trost-krusec.ext@gov.si<\/a><\/p>\n<p style=\"font-weight: 400;\">tel: 041 667 501<\/p>\n","protected":false},"excerpt":{"rendered":"<p>Predstavnik pacientov v svetu zavoda Vojko Mihelj e-naslov: vojkomihelj@gmail.com tel: 041 565 471 &nbsp; Zastopnik pacientovih pravic Jo\u017eica Tro\u0161t Kru\u0161ec, mag.prava e-naslov: jozica.trost-krusec.ext@gov.si tel: 041 [&hellip;]<\/p>\n","protected":false},"author":15,"featured_media":471,"parent":17,"menu_order":14,"comment_status":"closed","ping_status":"closed","template":"","meta":{"_acf_changed":false,"footnotes":""},"class_list":["post-1783","page","type-page","status-publish","has-post-thumbnail","hentry"],"acf":[],"_links":{"self":[{"href":"http:\/\/kraske-lekarne.razvija.se\/index.php?rest_route=\/wp\/v2\/pages\/1783","targetHints":{"allow":["GET"]}}],"collection":[{"href":"http:\/\/kraske-lekarne.razvija.se\/index.php?rest_route=\/wp\/v2\/pages"}],"about":[{"href":"http:\/\/kraske-lekarne.razvija.se\/index.php?rest_route=\/wp\/v2\/types\/page"}],"author":[{"embeddable":true,"href":"http:\/\/kraske-lekarne.razvija.se\/index.php?rest_route=\/wp\/v2\/users\/15"}],"replies":[{"embeddable":true,"href":"http:\/\/kraske-lekarne.razvija.se\/index.php?rest_route=%2Fwp%2Fv2%2Fcomments&post=1783"}],"version-history":[{"count":0,"href":"http:\/\/kraske-lekarne.razvija.se\/index.php?rest_route=\/wp\/v2\/pages\/1783\/revisions"}],"up":[{"embeddable":true,"href":"http:\/\/kraske-lekarne.razvija.se\/index.php?rest_route=\/wp\/v2\/pages\/17"}],"wp:featuredmedia":[{"embeddable":true,"href":"http:\/\/kraske-lekarne.razvija.se\/index.php?rest_route=\/wp\/v2\/media\/471"}],"wp:attachment":[{"href":"http:\/\/kraske-lekarne.razvija.se\/index.php?rest_route=%2Fwp%2Fv2%2Fmedia&parent=1783"}],"curies":[{"name":"wp","href":"https:\/\/api.w.org\/{rel}","templated":true}]}}