{"id":17,"date":"2016-10-27T11:02:53","date_gmt":"2016-10-27T11:02:53","guid":{"rendered":"https:\/\/www.kraske-lekarne.razvija.se\/?page_id=17"},"modified":"2017-05-30T11:14:30","modified_gmt":"2017-05-30T09:14:30","slug":"predstavitev","status":"publish","type":"page","link":"http:\/\/kraske-lekarne.razvija.se\/?page_id=17","title":{"rendered":"Predstavitev"},"content":{"rendered":"<p>Spo\u0161tovani!<\/p>\n<p>Javni zavod Kra\u0161ke lekarne Ilirska Bistrica opravlja lekarni\u0161ko dejavnost na podro\u010dju \u0161estih ob\u010din ustanoviteljic. Ustanoviteljice Zavoda so: Ob\u010dina Diva\u010da, Ob\u010dina Ilirska Bistrica, Ob\u010dina Komen, Ob\u010dina Pivka, Ob\u010dina Postojna in Ob\u010dina Se\u017eana. V sklopu Zavoda posluje pet lekarn: Lekarna Ilirska Bistrica, Lekarna Log Postojna, Lekarna Pivka, Lekarna Postojna, Lekarna Se\u017eana in \u0161tiri \u00a0lekarni\u0161ke podru\u017enice: Diva\u010da, Dutovlje, Komen in Podgrad ter Uprava. Uprava zavoda ima svoje prostore v Ilirski Bistrici in opravlja naloge ra\u010dunovodstva, financ, splo\u0161nih in administrativnih zadev za vse lekarni\u0161ke enote Zavoda. Kra\u0161ke lekarne Ilirska Bistrica s svojim delovanjem pokrivamo podro\u010dje, ki obsega dele dveh statisti\u010dnih regij, Primorsko -Notranjske in Obalno- Kra\u0161ke. Zavod s svojo dejavnostjo oskrbuje okoli 57000 prebivalcev.<\/p>\n<p>Zdravljenje z zdravili postaja vse kompleksnej\u0161e. Zaradi tega na\u0161im uporabnikom, poleg zdravil in ostalih izdelkov, ponujamo tudi lekarni\u0161ke storitve kot so: Osebna kartica zdravil in Pregled uporabe zdravil. Magister farmacije v lekarni je najbolj dostopen med partnerji zdravstvenega tima in je na voljo bolnikom kot tudi zdravim obiskovalcem lekarne. Farmacevti v lekarnah imajo pomembno vlogo pri preventivnih programih, osve\u0161\u010danju o zdravem na\u010dinu \u017eivljenja, zgodnjem odkrivanju bolezni in izbolj\u0161anju u\u010dinkovitosti zdravljenja.<\/p>\n<p>V letu 2015 smo skupaj z zaposlenimi in ustanovitelji pripravili Strategijo in na\u010drt razvoja do leta 2020. Zastavljenim ciljem sledimo pri vsakdanjem delu.<\/p>\n<h4><strong>Poslanstvo Kra\u0161kih lekarn <\/strong><\/h4>\n<p>Kra\u0161ke lekarne posredujemo uporabnikom storitev, zdravnikom in drugim zdravstvenim delavcem najsodobnej\u0161a spoznanja, informacije, zdravila in druge izdelke za zagotavljanje in ohranjanje zdravja ter izbolj\u0161anje kakovosti \u017eivljenja.<\/p>\n<h4><strong>Univerzalne zdravstvene vrednote <\/strong><\/h4>\n<ul>\n<li>Dostopnost zdravstvene oskrbe z geografskega, \u010dasovnega in finan\u010dnega vidika za vse uporabnike.<\/li>\n<li>U\u010dinkovitost,varnost, kakovost proizvodov in storitev.<\/li>\n<li>Solidarnost.<\/li>\n<li>Diskretnost.<\/li>\n<li>Pravi\u010dnost.<\/li>\n<li>Zaupanje med uporabniki in izvajalci.<\/li>\n<\/ul>\n<h4><strong>Poslovna na\u010dela Kra\u0161kih lekarn<\/strong><strong>\u00a0<\/strong><\/h4>\n<ul>\n<li>Osredoto\u010denost na uporabnike in kakovost.<\/li>\n<li>Usmerjenost na cilje in rezultate.<\/li>\n<li>Inovativnost in odprtost za nove ideje.<\/li>\n<li>Vzajemno sodelovanje, odkritost in zaupanje.<\/li>\n<li>Odprta komunikacija.<\/li>\n<li>Zanesljivost in verodostojnost.<\/li>\n<li>Kompetentnost in eti\u010dnost.<\/li>\n<li>Lojalnost.<\/li>\n<\/ul>\n<p>&nbsp;<\/p>\n<p>Na\u0161 dolgoro\u010dni cilj ni le oskrba prebivalcev na\u0161ega obmo\u010dja z zdravili, temve\u010d aktivno sodelovanje z lokalno skupnostjo, dru\u017ebeno odgovorno vklju\u010devanje v okolje, v katerem delujemo in s tem prispevati k njegovemu razvoju.<\/p>\n<p>&nbsp;<\/p>\n<p>Direktorica<br \/>\nAna Kobal, mag.farm.<\/p>\n","protected":false},"excerpt":{"rendered":"<p>Spo\u0161tovani! Javni zavod Kra\u0161ke lekarne Ilirska Bistrica opravlja lekarni\u0161ko dejavnost na podro\u010dju \u0161estih ob\u010din ustanoviteljic. Ustanoviteljice Zavoda so: Ob\u010dina Diva\u010da, Ob\u010dina Ilirska Bistrica, Ob\u010dina Komen, [&hellip;]<\/p>\n","protected":false},"author":15,"featured_media":471,"parent":0,"menu_order":9,"comment_status":"closed","ping_status":"closed","template":"","meta":{"_acf_changed":false,"footnotes":""},"class_list":["post-17","page","type-page","status-publish","has-post-thumbnail","hentry"],"acf":[],"_links":{"self":[{"href":"http:\/\/kraske-lekarne.razvija.se\/index.php?rest_route=\/wp\/v2\/pages\/17","targetHints":{"allow":["GET"]}}],"collection":[{"href":"http:\/\/kraske-lekarne.razvija.se\/index.php?rest_route=\/wp\/v2\/pages"}],"about":[{"href":"http:\/\/kraske-lekarne.razvija.se\/index.php?rest_route=\/wp\/v2\/types\/page"}],"author":[{"embeddable":true,"href":"http:\/\/kraske-lekarne.razvija.se\/index.php?rest_route=\/wp\/v2\/users\/15"}],"replies":[{"embeddable":true,"href":"http:\/\/kraske-lekarne.razvija.se\/index.php?rest_route=%2Fwp%2Fv2%2Fcomments&post=17"}],"version-history":[{"count":0,"href":"http:\/\/kraske-lekarne.razvija.se\/index.php?rest_route=\/wp\/v2\/pages\/17\/revisions"}],"wp:featuredmedia":[{"embeddable":true,"href":"http:\/\/kraske-lekarne.razvija.se\/index.php?rest_route=\/wp\/v2\/media\/471"}],"wp:attachment":[{"href":"http:\/\/kraske-lekarne.razvija.se\/index.php?rest_route=%2Fwp%2Fv2%2Fmedia&parent=17"}],"curies":[{"name":"wp","href":"https:\/\/api.w.org\/{rel}","templated":true}]}}