{"id":1642,"date":"2020-10-15T10:31:30","date_gmt":"2020-10-15T08:31:30","guid":{"rendered":"https:\/\/www.kraske-lekarne.razvija.se\/?page_id=1642"},"modified":"2021-03-30T10:25:07","modified_gmt":"2021-03-30T08:25:07","slug":"koronavirus","status":"publish","type":"page","link":"http:\/\/kraske-lekarne.razvija.se\/?page_id=1642","title":{"rendered":"Koronavirus"},"content":{"rendered":"<p>Na teh straneh smo izbrali uporabne nasvete in priporo\u010dila, ki nam omogo\u010dajo omejitve \u0161irjenja virusa.<\/p>\n","protected":false},"excerpt":{"rendered":"<p>Na teh straneh smo izbrali uporabne nasvete in priporo\u010dila, ki nam omogo\u010dajo omejitve \u0161irjenja virusa.<\/p>\n","protected":false},"author":15,"featured_media":1665,"parent":0,"menu_order":17,"comment_status":"closed","ping_status":"closed","template":"","meta":{"_acf_changed":false,"footnotes":""},"class_list":["post-1642","page","type-page","status-publish","has-post-thumbnail","hentry"],"acf":[],"_links":{"self":[{"href":"http:\/\/kraske-lekarne.razvija.se\/index.php?rest_route=\/wp\/v2\/pages\/1642","targetHints":{"allow":["GET"]}}],"collection":[{"href":"http:\/\/kraske-lekarne.razvija.se\/index.php?rest_route=\/wp\/v2\/pages"}],"about":[{"href":"http:\/\/kraske-lekarne.razvija.se\/index.php?rest_route=\/wp\/v2\/types\/page"}],"author":[{"embeddable":true,"href":"http:\/\/kraske-lekarne.razvija.se\/index.php?rest_route=\/wp\/v2\/users\/15"}],"replies":[{"embeddable":true,"href":"http:\/\/kraske-lekarne.razvija.se\/index.php?rest_route=%2Fwp%2Fv2%2Fcomments&post=1642"}],"version-history":[{"count":0,"href":"http:\/\/kraske-lekarne.razvija.se\/index.php?rest_route=\/wp\/v2\/pages\/1642\/revisions"}],"wp:featuredmedia":[{"embeddable":true,"href":"http:\/\/kraske-lekarne.razvija.se\/index.php?rest_route=\/wp\/v2\/media\/1665"}],"wp:attachment":[{"href":"http:\/\/kraske-lekarne.razvija.se\/index.php?rest_route=%2Fwp%2Fv2%2Fmedia&parent=1642"}],"curies":[{"name":"wp","href":"https:\/\/api.w.org\/{rel}","templated":true}]}}