{"id":1620,"date":"2020-09-23T11:50:33","date_gmt":"2020-09-23T09:50:33","guid":{"rendered":"https:\/\/www.kraske-lekarne.razvija.se\/?page_id=1620"},"modified":"2025-08-26T10:17:39","modified_gmt":"2025-08-26T08:17:39","slug":"dostopnost","status":"publish","type":"page","link":"http:\/\/kraske-lekarne.razvija.se\/?page_id=1620","title":{"rendered":"Dostopnost"},"content":{"rendered":"<p>V Javnem zavodu Kra\u0161ke lekarne Ilirska Bistrica se zavezujemo, da bomo omogo\u010dali dostopnost spletnega mesta Kraske-lekarne.si v skladu z Zakonom o dostopnosti spleti\u0161\u010d in mobilnih aplikacij vsem uporabnikom.<\/p>\n<p>&nbsp;<\/p>\n<h3><strong>Izjava o dostopnosti<\/strong><\/h3>\n<p>Ta izjava o dostopnosti se nana\u0161a na celotno spletno stran Javnega zavoda Kra\u0161ke lekarne Ilirska Bistrica www.kraske-lekarne.si. Skrbnik spletne strani je Javni zavod Kra\u0161ke lekarne Ilirska Bistrica.<\/p>\n<p>Za zagotavljanje zahtev glede dostopnosti so bile sistemsko zagotovljene nekatere prilagoditve, kot so:<\/p>\n<ul>\n<li>odzivno oblikovanje (prilagajanje postavitve vsebine lo\u010dljivosti zaslona),<\/li>\n<li>prikaz vsebin za uporabnike podpornih tehnologij (na primer: bralnike zaslona, brajevo vrstico),<\/li>\n<li>navigacija s tipkovnico (prilagoditev za uporabnike, ki ne morejo uporabljati mi\u0161ke),<\/li>\n<li>ustrezni barvni kontrasti (med besedilom in ozadjem),<\/li>\n<li>predvidljivo delovanje spleti\u0161\u010da,<\/li>\n<li>omogo\u010deno je opremljanje slik z nadomestnim besedilom,<\/li>\n<li>omogo\u010dena je uporaba razli\u010dnih ravni naslovov.<\/li>\n<\/ul>\n<h3><strong>Stopnja skladnosti<\/strong><\/h3>\n<p>Spletno mesto Kraske-lekarne.si je delno skladno z <a href=\"http:\/\/www.pisrs.si\/Pis.web\/pregledPredpisa?id=ZAKO7718\">Zakonom o dostopnosti spleti\u0161\u010d in mobilnih aplikacij<\/a>\u00a0zaradi spodaj navedenih izjem.<\/p>\n<p>&nbsp;<\/p>\n<h4><strong>Nedostopna vsebina<\/strong><\/h4>\n<p>Dostopnost spletnega mesta nenehno spremljamo in sproti izbolj\u0161ujemo posamezne elemente dostopnosti. Kljub temu nekatere objavljene vsebine ne izpolnjujejo vseh zahtev glede dostopnosti, kot jih dolo\u010da Zakon o dostopnosti spleti\u0161\u010d in mobilnih aplikacij.<\/p>\n<p>Primeri takih vsebin so:<\/p>\n<ul>\n<li>skenirani dokumenti v PDF obliki zapisa,<\/li>\n<li>programsko generirani dokumenti (npr. letna poro\u010dila),<\/li>\n<li>razli\u010dne kompleksne tabele s podatki.<\/li>\n<\/ul>\n<p>Med take izjeme spadajo Odlok o ustanovitvi zavoda, letna poro\u010dila, organigram in druge tovrstne vsebine, ki morajo biti objavljene v skladu z drugimi zakoni in bi predelava predstavljala nesorazmerno breme. Navedene vsebine se nana\u0161ajo na zelo majhne in ozko specializirane skupine uporabnikov, med katerimi za zdaj \u0161e nismo zaznali te\u017eav z dostopnostjo, vendar se v Javnem zavodu Kra\u0161ke lekarne Ilirska Bistrica kljub temu izdatno trudimo, da bi bile vse na\u0161e vsebine \u010dim bolje prilagojene morebitnim uporabnikom, ki pripadajo ranljivim skupinam.<\/p>\n<h3><strong>Povratne in kontaktne informacije<\/strong><\/h3>\n<p>&nbsp;<\/p>\n<p>\u010ce nam \u017eelite sporo\u010diti karkoli v zvezi s prilagoditvijo spletne strani Kra\u0161kih lekarn za osebe s posebnimi potrebami, nas lahko o tem obvestite na naslov racunovodstvo@krl.si ali po telefonu 05 711 17 40. Delovni \u010das je vsak delovnik od 8. do 15. ure.<\/p>\n<h3><strong>Nadzor nad izvajanjem dolo\u010db Zakona o Zakona o dostopnosti spleti\u0161\u010d in mobilnih aplikacij javnega sektorja<\/strong><\/h3>\n<p>Nadzor nad izvajanjem Zakona o dostopnosti spleti\u0161\u010d in mobilnih aplikacij javnega sektorja izvaja:<\/p>\n<p>&nbsp;<\/p>\n<p>Ministrstvo za digitalno preobrazbo<br \/>\nIn\u0161pektorat Republike Slovenije za informacijsko dru\u017ebo<\/p>\n<p>Dav\u010dna ulica 1<br \/>\n1000 Ljubljana<br \/>\n<a href=\"tel:+38615555848\">+386 1 555 58 48<\/a><br \/>\n<a href=\"mailto:gp.irsid@gov.si\" data-address=\"GA.1FI@PGALG.DI@\">gp.irsid@gov.si<\/a><\/p>\n<p>&nbsp;<\/p>\n<p>&nbsp;<\/p>\n<h4><strong>Datum objave spletnega mesta:<\/strong><\/h4>\n<p>Spletna stran je bila v obstoje\u010di grafi\u010dni podobi objavljena junija 2017.<\/p>\n<h4><strong>Priprava izjave o dostopnosti:<\/strong><\/h4>\n<p>Izjava je bila pripravljena 22.9.2020 in posodobljena 01.09.2021, 01.09.2022, 28.08.2023, 26.08.2024 in 25.08.2025 na podlagi samoocene.<\/p>\n<p>&nbsp;<\/p>\n","protected":false},"excerpt":{"rendered":"<p>V Javnem zavodu Kra\u0161ke lekarne Ilirska Bistrica se zavezujemo, da bomo omogo\u010dali dostopnost spletnega mesta Kraske-lekarne.si v skladu z Zakonom o dostopnosti spleti\u0161\u010d in mobilnih [&hellip;]<\/p>\n","protected":false},"author":15,"featured_media":0,"parent":0,"menu_order":5,"comment_status":"closed","ping_status":"closed","template":"","meta":{"_acf_changed":false,"footnotes":""},"class_list":["post-1620","page","type-page","status-publish","hentry"],"acf":[],"_links":{"self":[{"href":"http:\/\/kraske-lekarne.razvija.se\/index.php?rest_route=\/wp\/v2\/pages\/1620","targetHints":{"allow":["GET"]}}],"collection":[{"href":"http:\/\/kraske-lekarne.razvija.se\/index.php?rest_route=\/wp\/v2\/pages"}],"about":[{"href":"http:\/\/kraske-lekarne.razvija.se\/index.php?rest_route=\/wp\/v2\/types\/page"}],"author":[{"embeddable":true,"href":"http:\/\/kraske-lekarne.razvija.se\/index.php?rest_route=\/wp\/v2\/users\/15"}],"replies":[{"embeddable":true,"href":"http:\/\/kraske-lekarne.razvija.se\/index.php?rest_route=%2Fwp%2Fv2%2Fcomments&post=1620"}],"version-history":[{"count":0,"href":"http:\/\/kraske-lekarne.razvija.se\/index.php?rest_route=\/wp\/v2\/pages\/1620\/revisions"}],"wp:attachment":[{"href":"http:\/\/kraske-lekarne.razvija.se\/index.php?rest_route=%2Fwp%2Fv2%2Fmedia&parent=1620"}],"curies":[{"name":"wp","href":"https:\/\/api.w.org\/{rel}","templated":true}]}}