{"id":1587,"date":"2020-08-25T11:19:25","date_gmt":"2020-08-25T09:19:25","guid":{"rendered":"https:\/\/www.kraske-lekarne.razvija.se\/?page_id=1587"},"modified":"2025-03-24T11:39:18","modified_gmt":"2025-03-24T10:39:18","slug":"kazalniki-kakovosti","status":"publish","type":"page","link":"http:\/\/kraske-lekarne.razvija.se\/?page_id=1587","title":{"rendered":"Kazalniki kakovosti"},"content":{"rendered":"<p>Podro\u010dje kakovosti in varnosti je v Zakonu o lekarni\u0161ki dejavnosti (Uradni list RS, \u0161t. 85\/2016, 77\/2017, 73\/2019) opredeljeno v III. poglavju.<br \/>\nNaloge za izbolj\u0161evanje kakovosti in varnosti, ki jih v Kra\u0161kih lekarnah izvajamo so naslednje:<\/p>\n<ul>\n<li>dolo\u010damo program in letne na\u010drte za izbolj\u0161evanje kakovosti in varnosti,<\/li>\n<li>izdelane imamo varnostne protokole za posamezne storitve,<\/li>\n<li>izvajamo notranjo presojo dobre prakse,<\/li>\n<li>spremljamo kazalnike kakovosti,<\/li>\n<li>vzpostavljen imamo sistem za obvladovanje tveganj,<\/li>\n<li>anonimizirano spremljamo in analiziramo opozorilne nevarne dogodke in napake pri izvajanju lekarni\u0161ke dejavnosti.<\/li>\n<\/ul>\n","protected":false},"excerpt":{"rendered":"<p>Podro\u010dje kakovosti in varnosti je v Zakonu o lekarni\u0161ki dejavnosti (Uradni list RS, \u0161t. 85\/2016, 77\/2017, 73\/2019) opredeljeno v III. poglavju. Naloge za izbolj\u0161evanje kakovosti [&hellip;]<\/p>\n","protected":false},"author":15,"featured_media":604,"parent":17,"menu_order":13,"comment_status":"closed","ping_status":"closed","template":"","meta":{"_acf_changed":false,"footnotes":""},"class_list":["post-1587","page","type-page","status-publish","has-post-thumbnail","hentry"],"acf":[],"_links":{"self":[{"href":"http:\/\/kraske-lekarne.razvija.se\/index.php?rest_route=\/wp\/v2\/pages\/1587","targetHints":{"allow":["GET"]}}],"collection":[{"href":"http:\/\/kraske-lekarne.razvija.se\/index.php?rest_route=\/wp\/v2\/pages"}],"about":[{"href":"http:\/\/kraske-lekarne.razvija.se\/index.php?rest_route=\/wp\/v2\/types\/page"}],"author":[{"embeddable":true,"href":"http:\/\/kraske-lekarne.razvija.se\/index.php?rest_route=\/wp\/v2\/users\/15"}],"replies":[{"embeddable":true,"href":"http:\/\/kraske-lekarne.razvija.se\/index.php?rest_route=%2Fwp%2Fv2%2Fcomments&post=1587"}],"version-history":[{"count":0,"href":"http:\/\/kraske-lekarne.razvija.se\/index.php?rest_route=\/wp\/v2\/pages\/1587\/revisions"}],"up":[{"embeddable":true,"href":"http:\/\/kraske-lekarne.razvija.se\/index.php?rest_route=\/wp\/v2\/pages\/17"}],"wp:featuredmedia":[{"embeddable":true,"href":"http:\/\/kraske-lekarne.razvija.se\/index.php?rest_route=\/wp\/v2\/media\/604"}],"wp:attachment":[{"href":"http:\/\/kraske-lekarne.razvija.se\/index.php?rest_route=%2Fwp%2Fv2%2Fmedia&parent=1587"}],"curies":[{"name":"wp","href":"https:\/\/api.w.org\/{rel}","templated":true}]}}