{"id":114,"date":"2016-12-14T13:24:51","date_gmt":"2016-12-14T13:24:51","guid":{"rendered":"https:\/\/www.kraske-lekarne.razvija.se\/?page_id=114"},"modified":"2025-03-05T09:03:57","modified_gmt":"2025-03-05T08:03:57","slug":"domaca-stran","status":"publish","type":"page","link":"http:\/\/kraske-lekarne.razvija.se\/","title":{"rendered":"Doma\u010da stran"},"content":{"rendered":"<section class=\"kc-elm kc-css-240192 kc_row\"><div class=\"kc-row-container\"><div class=\"kc-wrap-columns\"><div class=\"kc-elm kc-css-183358 kc_col-sm-12 kc_column kc_col-sm-12\"><div class=\"kc-col-container\"><div class=\"kc-elm kc-css-308456 kc_row kc_row_inner\"><div class=\"kc-elm kc-css-96497 kc_col-sm-6 kc_column_inner kc_col-sm-6\"><div class=\"kc_wrapper kc-col-inner-container\"><div class=\"kc-elm kc-css-88172 kc_shortcode kc_single_image\">\n\n        <img decoding=\"async\" src=\"http:\/\/kraske-lekarne.razvija.se\/wp-content\/uploads\/2018\/08\/doctor.png\" class=\"\" alt=\"\" \/>    <\/div>\n<\/div><\/div><div class=\"kc-elm kc-css-305777 kc_col-sm-6 kc_column_inner kc_col-sm-6 column_one_right\"><div class=\"kc_wrapper kc-col-inner-container\">\n<div class=\"kc-elm kc-css-397803 kc-title-wrap \">\n\n\t<h3 class=\"kc_title\">Pregled uporabe zdravil<\/h3>\n<\/div>\n<div class=\"kc-elm kc-css-822565 kc_text_block\"><\/p>\n<p>\nPregled uporabe zdravil je poglobljen pogovor med vami in magistrom farmacije o zdravilih na recept, brez recepta in o prehranskih dopolnilih, ki jih jemljete.<\/p>\n<p>\n<\/div>\n<div class=\"kc-elm kc-css-878636 feature-buttons\">\n\t<a class=\"kc_button btn btn-primary\" href=\"https:\/\/kraske-lekarne.razvija.se\/?page_id=582\" target=\"_self\" title=\"Pregled uporabe zdravil\" onclick=\"\">\n\t\tPreberi ve\u010d\t<\/a>\n<\/div>\n\n<div class=\"kc-elm kc-css-444132 feature-buttons\">\n\t<a class=\"kc_button btn btn-primary\" href=\"https:\/\/www.gospodar-zdravja.si\/kraske-lekarne\" target=\"_self\" title=\"\" onclick=\"\">\n\t\tNaro\u010di obisk\t<\/a>\n<\/div>\n<\/div><\/div><\/div><div class=\"kc-elm kc-css-39944 kc_row kc_row_inner flex-row-two\"><div class=\"kc-elm kc-css-603135 kc_col-sm-6 kc_column_inner kc_col-sm-6 column_one_left\"><div class=\"kc_wrapper kc-col-inner-container\">\n<div class=\"kc-elm kc-css-791519 kc-title-wrap \">\n\n\t<h3 class=\"kc_title\">Osebna kartica zdravil<\/h3>\n<\/div>\n<div class=\"kc-elm kc-css-66634 kc_text_block\"><\/p>\n<p>\nOsebna kartica zdravil je seznam zdravil, ki vsebuje podatke o predpisanih zdravilih na recept, podatke o predpisanem odmerjanju, na\u010dinu in namenu uporabe zdravil.<\/p>\n<p>\n<\/div>\n<div class=\"kc-elm kc-css-189882 feature-buttons\">\n\t<a class=\"kc_button btn btn-primary\" href=\"https:\/\/kraske-lekarne.razvija.se\/?page_id=580\" target=\"_self\" title=\"Osebna kartica zdravil\" onclick=\"\">\n\t\tPreberi ve\u010d\t<\/a>\n<\/div>\n\n<div class=\"kc-elm kc-css-845911 feature-buttons\">\n\t<a class=\"kc_button btn btn-primary\" href=\"https:\/\/www.gospodar-zdravja.si\/kraske-lekarne\" target=\"_blank\" title=\"\" onclick=\"\">\n\t\tNaro\u010di obisk\t<\/a>\n<\/div>\n<\/div><\/div><div class=\"kc-elm kc-css-488622 kc_col-sm-6 kc_column_inner kc_col-sm-6\"><div class=\"kc_wrapper kc-col-inner-container\"><div class=\"kc-elm kc-css-384603 kc_shortcode kc_single_image\">\n\n        <img decoding=\"async\" src=\"http:\/\/kraske-lekarne.razvija.se\/wp-content\/uploads\/2018\/08\/doctor_tools.png\" class=\"\" alt=\"\" \/>    <\/div>\n<\/div><\/div><\/div><div class=\"kc-elm kc-css-27079 kc_row kc_row_inner\"><div class=\"kc-elm kc-css-890894 kc_col-sm-6 kc_column_inner kc_col-sm-6\"><div class=\"kc_wrapper kc-col-inner-container\"><div class=\"kc-elm kc-css-590253 kc_shortcode kc_single_image\">\n\n        <img decoding=\"async\" src=\"http:\/\/kraske-lekarne.razvija.se\/wp-content\/uploads\/2018\/08\/pills.png\" class=\"\" alt=\"\" \/>    <\/div>\n<\/div><\/div><div class=\"kc-elm kc-css-361576 kc_col-sm-6 kc_column_inner kc_col-sm-6 column_one_right\"><div class=\"kc_wrapper kc-col-inner-container\">\n<div class=\"kc-elm kc-css-420750 kc-title-wrap \">\n\n\t<h3 class=\"kc_title\">Homeopatska zdravila<\/h3>\n<\/div>\n<div class=\"kc-elm kc-css-528639 kc_text_block\"><\/p>\n<p>\nEvropska in slovenska zakonodaja homeopatska zdravila uvr\u0161\u010data med zdravila. Za vsa zdravila veljajo dolo\u010dbe iz Zakona o zdravilih. Homeopatska zdravila se lahko izdajajo le v lekarnah.<\/p>\n<p>\n<\/div>\n<div class=\"kc-elm kc-css-137869 feature-buttons\">\n\t<a class=\"kc_button btn btn-primary\" href=\"https:\/\/kraske-lekarne.razvija.se\/?page_id=578\" target=\"_self\" title=\"Homeopatska zdravila\" onclick=\"\">\n\t\tPreberi ve\u010d\t<\/a>\n<\/div>\n<\/div><\/div><\/div><\/div><\/div><\/div><\/div><\/section>\n","protected":false},"excerpt":{"rendered":"","protected":false},"author":15,"featured_media":0,"parent":0,"menu_order":4,"comment_status":"closed","ping_status":"closed","template":"","meta":{"_acf_changed":false,"footnotes":""},"class_list":["post-114","page","type-page","status-publish","hentry"],"acf":[],"_links":{"self":[{"href":"http:\/\/kraske-lekarne.razvija.se\/index.php?rest_route=\/wp\/v2\/pages\/114","targetHints":{"allow":["GET"]}}],"collection":[{"href":"http:\/\/kraske-lekarne.razvija.se\/index.php?rest_route=\/wp\/v2\/pages"}],"about":[{"href":"http:\/\/kraske-lekarne.razvija.se\/index.php?rest_route=\/wp\/v2\/types\/page"}],"author":[{"embeddable":true,"href":"http:\/\/kraske-lekarne.razvija.se\/index.php?rest_route=\/wp\/v2\/users\/15"}],"replies":[{"embeddable":true,"href":"http:\/\/kraske-lekarne.razvija.se\/index.php?rest_route=%2Fwp%2Fv2%2Fcomments&post=114"}],"version-history":[{"count":0,"href":"http:\/\/kraske-lekarne.razvija.se\/index.php?rest_route=\/wp\/v2\/pages\/114\/revisions"}],"wp:attachment":[{"href":"http:\/\/kraske-lekarne.razvija.se\/index.php?rest_route=%2Fwp%2Fv2%2Fmedia&parent=114"}],"curies":[{"name":"wp","href":"https:\/\/api.w.org\/{rel}","templated":true}]}}