{"id":110,"date":"2016-12-14T13:23:49","date_gmt":"2016-12-14T13:23:49","guid":{"rendered":"https:\/\/www.kraske-lekarne.razvija.se\/?page_id=110"},"modified":"2025-03-05T09:02:10","modified_gmt":"2025-03-05T08:02:10","slug":"zdravila-in-storitve","status":"publish","type":"page","link":"http:\/\/kraske-lekarne.razvija.se\/?page_id=110","title":{"rendered":"Zdravila in storitve"},"content":{"rendered":"<p><section class=\"kc-elm kc-css-846533 kc_row\"><div class=\"kc-row-container  kc-container\"><div class=\"kc-wrap-columns\"><div class=\"kc-elm kc-css-846726 kc_col-sm-9 kc_column kc_col-sm-9\"><div class=\"kc-col-container\"><div class=\"kc-elm kc-css-691387 kc_text_block\"><\/p>\n<p>\nJavni zavod Kra\u0161ke lekarne Ilirska Bistrica izvaja osnovno lekarni\u0161ko dejavnost, oskrbo z zdravili in izdelki za podporo zdravljenja in ohranitve zdravja. Ob tem svojo ponudbo dopolnjuje z drugimi storitvami in izdelki.<\/p>\n<div class=\"panel files-panel\">\n<div class=\"panel-heading\" tabindex=\"0\">\n<h3>Ceniki<\/h3>\n<\/div>\n<div class=\"panel-body\">\n<div class=\"row\">\n<div class=\"col-xs-12 col-sm-6 col-md-4 file-item\"><a href=\"http:\/\/kraske-lekarne.razvija.se\/wp-content\/uploads\/2023\/11\/cenik-storitev-11-2023.pdf\" title=\"cenik storitev 11 2023\" target=\"_blank\" tabindex=\"0\"><\/p>\n<div class=\"flex-xs\"><i class=\"fa fa-file-pdf-o\"><\/i><\/p>\n<div>\n<div class=\"text-bold\">cenik storitev 11 2023<\/div>\n<div class=\"text-uppercase\">pdf<span> | 354,89 kb<\/span><\/div>\n<\/div>\n<\/div>\n<p><\/a><\/div>\n<\/div>\n<\/div>\n<\/div>\n<p>\n<\/div><\/div><\/div><div class=\"kc-elm kc-css-174839 kc_col-sm-3 kc_column kc_col-sm-3\"><div class=\"kc-col-container\"><\/div><\/div><\/div><\/div><\/section><section class=\"kc-elm kc-css-957807 kc_row\"><div class=\"kc-row-container\"><div class=\"kc-wrap-columns\"><div class=\"kc-elm kc-css-118375 kc_col-sm-12 kc_column kc_col-sm-12\"><div class=\"kc-col-container\"><div class=\"kc-elm kc-css-872989 kc_row kc_row_inner\"><div class=\"kc-elm kc-css-708480 kc_col-sm-6 kc_column_inner kc_col-sm-6\"><div class=\"kc_wrapper kc-col-inner-container\"><div class=\"kc-elm kc-css-57910 kc_shortcode kc_single_image\">\n\n        <img decoding=\"async\" src=\"http:\/\/kraske-lekarne.razvija.se\/wp-content\/uploads\/2018\/08\/doctor-933x500xc.png\" class=\"\" alt=\"\" \/>    <\/div>\n<\/div><\/div><div class=\"kc-elm kc-css-397625 kc_col-sm-6 kc_column_inner kc_col-sm-6 column_one_right\"><div class=\"kc_wrapper kc-col-inner-container\">\n<div class=\"kc-elm kc-css-87241 kc-title-wrap \">\n\n\t<h3 class=\"kc_title\">Ambulanta farmacevta svetovalca \u2013 farmakoterapijski pregledi<\/h3>\n<\/div>\n<div class=\"kc-elm kc-css-515547 kc_text_block\"><\/p>\n<p>\nAmbulanta je namenjena predvsem kroni\u010dnim bolnikom, ki jemljejo ve\u010d zdravil hkrati, bolnikom, pri katerih izidi zdravljenja z zdravili niso v skladu s pri\u010dakovanji, bolnikom z jetrno ali ledvi\u010dno pomanjkljivostjo in bolnikom, ki se jim ob jemanju zdravil pojavljajo pomembni ne\u017eeleni u\u010dinki.<\/p>\n<p><a href=\"https:\/\/www.gospodar-zdravja.si\/reservation\/patients\/service_provider\/3724\/doctor\/403\/104\" target=\"_blank\" rel=\"noopener\">NARO\u010cI OBISK \u00a0&#8211; Pacienti ZD Il.Bistrica<\/a><\/p>\n<p><a href=\"https:\/\/www.gospodar-zdravja.si\/reservation\/patients\/service_provider\/3724\/doctor\/403\/100\" target=\"_blank\" rel=\"noopener\">NARO\u010cI OBISK &#8211; Pacienti ZD Postojna<\/a><\/p>\n<p><a href=\"https:\/\/www.gospodar-zdravja.si\/reservation\/patients\/service_provider\/3724\/doctor\/403\/98\" target=\"_blank\" rel=\"noopener\">NARO\u010cI OBISK &#8211; Pacienti ZD Se\u017eana<\/a><\/p>\n<p>\n<\/div>\n<div class=\"kc-elm kc-css-475932 feature-buttons\">\n\t<a class=\"kc_button btn btn-primary\" href=\"https:\/\/kraske-lekarne.razvija.se\/?page_id=2057\" target=\"_self\" title=\"Ambulanta farmacevta svetovalca \u2013 farmakoterapijski pregledi\" onclick=\"\">\n\t\tPreberi ve\u010d\t<\/a>\n<\/div>\n<\/div><\/div><\/div><div class=\"kc-elm kc-css-727185 kc_row kc_row_inner flex-row-two\"><div class=\"kc-elm kc-css-715912 kc_col-sm-6 kc_column_inner kc_col-sm-6 column_one_left\"><div class=\"kc_wrapper kc-col-inner-container\">\n<div class=\"kc-elm kc-css-188784 kc-title-wrap \">\n\n\t<h3 class=\"kc_title\">Osebna kartica zdravil<\/h3>\n<\/div>\n<div class=\"kc-elm kc-css-615449 kc_text_block\"><\/p>\n<p>\nOsebna kartica zdravil je seznam zdravil, ki vsebuje podatke o predpisanih zdravilih na recept, podatke o predpisanem odmerjanju, na\u010dinu in namenu uporabe zdravil.<\/p>\n<p>\n<\/div>\n<div class=\"kc-elm kc-css-791373 feature-buttons\">\n\t<a class=\"kc_button btn btn-primary\" href=\"https:\/\/kraske-lekarne.razvija.se\/?page_id=580\" target=\"_self\" title=\"Osebna kartica zdravil\" onclick=\"\">\n\t\tPreberi ve\u010d\t<\/a>\n<\/div>\n\n<div class=\"kc-elm kc-css-538213 feature-buttons\">\n\t<a class=\"kc_button btn btn-primary\" href=\"https:\/\/www.gospodar-zdravja.si\/kraske-lekarne\" target=\"_blank\" title=\"\" onclick=\"\">\n\t\tNaro\u010di obisk\t<\/a>\n<\/div>\n<\/div><\/div><div class=\"kc-elm kc-css-418535 kc_col-sm-6 kc_column_inner kc_col-sm-6\"><div class=\"kc_wrapper kc-col-inner-container\"><div class=\"kc-elm kc-css-529070 kc_shortcode kc_single_image\">\n\n        <img decoding=\"async\" src=\"http:\/\/kraske-lekarne.razvija.se\/wp-content\/uploads\/2018\/08\/doctor_tools.png\" class=\"\" alt=\"\" \/>    <\/div>\n<\/div><\/div><\/div><div class=\"kc-elm kc-css-160049 kc_row kc_row_inner\"><div class=\"kc-elm kc-css-910120 kc_col-sm-6 kc_column_inner kc_col-sm-6\"><div class=\"kc_wrapper kc-col-inner-container\"><div class=\"kc-elm kc-css-909754 kc_shortcode kc_single_image\">\n\n        <img decoding=\"async\" src=\"http:\/\/kraske-lekarne.razvija.se\/wp-content\/uploads\/2018\/08\/doctor-933x500xc.png\" class=\"\" alt=\"\" \/>    <\/div>\n<\/div><\/div><div class=\"kc-elm kc-css-541255 kc_col-sm-6 kc_column_inner kc_col-sm-6 column_one_right\"><div class=\"kc_wrapper kc-col-inner-container\">\n<div class=\"kc-elm kc-css-89952 kc-title-wrap \">\n\n\t<h3 class=\"kc_title\">Pregled uporabe zdravil<\/h3>\n<\/div>\n<div class=\"kc-elm kc-css-897108 kc_text_block\"><\/p>\n<p>\nPregled uporabe zdravil je poglobljen pogovor med vami in magistrom farmacije o zdravilih na recept, brez recepta in o prehranskih dopolnilih, ki jih jemljete.<\/p>\n<p>\n<\/div>\n<div class=\"kc-elm kc-css-6923 feature-buttons\">\n\t<a class=\"kc_button btn btn-primary\" href=\"https:\/\/kraske-lekarne.razvija.se\/?page_id=582\" target=\"_self\" title=\"Pregled uporabe zdravil\" onclick=\"\">\n\t\tPreberi ve\u010d\t<\/a>\n<\/div>\n\n<div class=\"kc-elm kc-css-754854 feature-buttons\">\n\t<a class=\"kc_button btn btn-primary\" href=\"https:\/\/www.gospodar-zdravja.si\/kraske-lekarne\" target=\"_blank\" title=\"\" onclick=\"\">\n\t\tNaro\u010di obisk\t<\/a>\n<\/div>\n<\/div><\/div><\/div><div class=\"kc-elm kc-css-878570 kc_row kc_row_inner flex-row-two\"><div class=\"kc-elm kc-css-767476 kc_col-sm-6 kc_column_inner kc_col-sm-6 column_one_left\"><div class=\"kc_wrapper kc-col-inner-container\">\n<div class=\"kc-elm kc-css-126619 kc-title-wrap \">\n\n\t<h3 class=\"kc_title\">Homeopatska zdravila<\/h3>\n<\/div>\n<div class=\"kc-elm kc-css-198780 kc_text_block\"><\/p>\n<p>\nEvropska in slovenska zakonodaja homeopatska zdravila uvr\u0161\u010data med zdravila. Za vsa zdravila veljajo dolo\u010dbe iz Zakona o zdravilih. Homeopatska zdravila se lahko izdajajo le v lekarnah.<\/p>\n<p>\n<\/div>\n<div class=\"kc-elm kc-css-247269 feature-buttons\">\n\t<a class=\"kc_button btn btn-primary\" href=\"https:\/\/kraske-lekarne.razvija.se\/?page_id=578\" target=\"_self\" title=\"Homeopatska zdravila\" onclick=\"\">\n\t\tPreberi ve\u010d\t<\/a>\n<\/div>\n<\/div><\/div><div class=\"kc-elm kc-css-859719 kc_col-sm-6 kc_column_inner kc_col-sm-6\"><div class=\"kc_wrapper kc-col-inner-container\"><div class=\"kc-elm kc-css-788189 kc_shortcode kc_single_image\">\n\n        <img decoding=\"async\" src=\"http:\/\/kraske-lekarne.razvija.se\/wp-content\/uploads\/2018\/08\/pills.png\" class=\"\" alt=\"\" \/>    <\/div>\n<\/div><\/div><\/div><\/div><\/div><\/div><\/div><\/section><\/p>\n","protected":false},"excerpt":{"rendered":"","protected":false},"author":15,"featured_media":605,"parent":0,"menu_order":29,"comment_status":"closed","ping_status":"closed","template":"templates\/services.php","meta":{"_acf_changed":false,"footnotes":""},"class_list":["post-110","page","type-page","status-publish","has-post-thumbnail","hentry"],"acf":[],"_links":{"self":[{"href":"http:\/\/kraske-lekarne.razvija.se\/index.php?rest_route=\/wp\/v2\/pages\/110","targetHints":{"allow":["GET"]}}],"collection":[{"href":"http:\/\/kraske-lekarne.razvija.se\/index.php?rest_route=\/wp\/v2\/pages"}],"about":[{"href":"http:\/\/kraske-lekarne.razvija.se\/index.php?rest_route=\/wp\/v2\/types\/page"}],"author":[{"embeddable":true,"href":"http:\/\/kraske-lekarne.razvija.se\/index.php?rest_route=\/wp\/v2\/users\/15"}],"replies":[{"embeddable":true,"href":"http:\/\/kraske-lekarne.razvija.se\/index.php?rest_route=%2Fwp%2Fv2%2Fcomments&post=110"}],"version-history":[{"count":0,"href":"http:\/\/kraske-lekarne.razvija.se\/index.php?rest_route=\/wp\/v2\/pages\/110\/revisions"}],"wp:featuredmedia":[{"embeddable":true,"href":"http:\/\/kraske-lekarne.razvija.se\/index.php?rest_route=\/wp\/v2\/media\/605"}],"wp:attachment":[{"href":"http:\/\/kraske-lekarne.razvija.se\/index.php?rest_route=%2Fwp%2Fv2%2Fmedia&parent=110"}],"curies":[{"name":"wp","href":"https:\/\/api.w.org\/{rel}","templated":true}]}}